{"id":10503,"date":"2023-01-27T05:55:16","date_gmt":"2023-01-27T05:55:16","guid":{"rendered":"https:\/\/aihcahomeopatia.com\/?page_id=10503"},"modified":"2025-05-20T18:29:29","modified_gmt":"2025-05-20T18:29:29","slug":"casos-clinicos","status":"publish","type":"page","link":"https:\/\/aihcahomeopatia.com\/en\/casos-clinicos\/","title":{"rendered":"Casos cl\u00ednicos"},"content":{"rendered":"<div data-elementor-type=\"wp-page\" data-elementor-id=\"10503\" class=\"elementor elementor-10503\" data-elementor-settings=\"{&quot;ha_cmc_init_switcher&quot;:&quot;no&quot;}\">\n\t\t\t\t\t\t<section class=\"elementor-section elementor-top-section elementor-element elementor-element-d1360ec elementor-section-boxed elementor-section-height-default elementor-section-height-default wpr-particle-no wpr-jarallax-no wpr-parallax-no wpr-sticky-section-no\" data-id=\"d1360ec\" data-element_type=\"section\" data-settings=\"{&quot;_ha_eqh_enable&quot;:false}\">\n\t\t\t\t\t\t<div class=\"elementor-container elementor-column-gap-default\">\n\t\t\t\t\t<div class=\"elementor-column elementor-col-100 elementor-top-column elementor-element elementor-element-3d62ae7\" data-id=\"3d62ae7\" data-element_type=\"column\">\n\t\t\t<div class=\"elementor-widget-wrap elementor-element-populated\">\n\t\t\t\t\t\t<div class=\"elementor-element elementor-element-1da9ede elementor-widget elementor-widget-heading\" data-id=\"1da9ede\" data-element_type=\"widget\" data-widget_type=\"heading.default\">\n\t\t\t\t<div class=\"elementor-widget-container\">\n\t\t\t\t\t<p class=\"elementor-heading-title elementor-size-default\">Conoce lo que hemos preparado\npara ti<\/p>\t\t\t\t<\/div>\n\t\t\t\t<\/div>\n\t\t\t\t<div class=\"elementor-element elementor-element-d39999e elementor-widget elementor-widget-heading\" data-id=\"d39999e\" data-element_type=\"widget\" data-widget_type=\"heading.default\">\n\t\t\t\t<div class=\"elementor-widget-container\">\n\t\t\t\t\t<h2 class=\"elementor-heading-title elementor-size-default\">Descubre nuestro contenido gratuito<\/h2>\t\t\t\t<\/div>\n\t\t\t\t<\/div>\n\t\t\t\t<section class=\"elementor-section elementor-inner-section elementor-element elementor-element-42b59b1 elementor-section-full_width elementor-section-height-default elementor-section-height-default wpr-particle-no wpr-jarallax-no wpr-parallax-no wpr-sticky-section-no\" data-id=\"42b59b1\" data-element_type=\"section\" data-settings=\"{&quot;_ha_eqh_enable&quot;:false}\">\n\t\t\t\t\t\t<div class=\"elementor-container elementor-column-gap-default\">\n\t\t\t\t\t<div class=\"elementor-column elementor-col-33 elementor-inner-column elementor-element elementor-element-2e18657\" data-id=\"2e18657\" data-element_type=\"column\">\n\t\t\t<div class=\"elementor-widget-wrap elementor-element-populated\">\n\t\t\t\t\t\t<div class=\"elementor-element elementor-element-fd986d2 ekit-equal-height-enable elementor-widget elementor-widget-elementskit-image-box\" data-id=\"fd986d2\" data-element_type=\"widget\" data-widget_type=\"elementskit-image-box.default\">\n\t\t\t\t<div class=\"elementor-widget-container\">\n\t\t\t\t\t<div class=\"ekit-wid-con\" >\n            <div class=\"elementskit-info-image-box ekit-image-box text-center hover_from_right hover-border-bottom\" >\n\n                <a href=\"https:\/\/aihcahomeopatia.com\/en\/paralisis-cerebral\/\">\n                <div class=\"elementskit-box-header image-box-img-center\">\n\n                    <img fetchpriority=\"high\" decoding=\"async\" width=\"700\" height=\"430\" src=\"https:\/\/aihcahomeopatia.com\/wp-content\/uploads\/2025\/05\/Paralisis-cerebral-por-disparo-en-el-craneo.jpg\" class=\"attachment-full size-full wp-image-16006\" alt=\"\" srcset=\"https:\/\/aihcahomeopatia.com\/wp-content\/uploads\/2025\/05\/Paralisis-cerebral-por-disparo-en-el-craneo.jpg 700w, https:\/\/aihcahomeopatia.com\/wp-content\/uploads\/2025\/05\/Paralisis-cerebral-por-disparo-en-el-craneo-300x184.jpg 300w, https:\/\/aihcahomeopatia.com\/wp-content\/uploads\/2025\/05\/Paralisis-cerebral-por-disparo-en-el-craneo-600x369.jpg 600w, https:\/\/aihcahomeopatia.com\/wp-content\/uploads\/2025\/05\/Paralisis-cerebral-por-disparo-en-el-craneo-18x12.jpg 18w, https:\/\/aihcahomeopatia.com\/wp-content\/uploads\/2025\/05\/Paralisis-cerebral-por-disparo-en-el-craneo-81x50.jpg 81w\" sizes=\"(max-width: 700px) 100vw, 700px\" \/>\n                <\/div>\n                <\/a>\n                <div class=\"elementskit-box-body ekit-image-box-body\">\n                    <div class=\"elementskit-box-content ekit-image-box-body-inner\">\n                                                <h3 class=\"elementskit-info-box-title\">\n\n                        Caso cl\u00ednico: Par\u00e1lisis cerebral \n                        \n                    <\/h3>\n                                                        <\/div>\n\n                                <div class=\"elementskit-box-footer\">\n                    <div class=\"box-footer\">\n                        <div class=\"btn-wraper\">\n                                                            <a href=\"https:\/\/aihcahomeopatia.com\/en\/paralisis-cerebral\/\" class=\"elementskit-btn whitespace--normal\">\n                                    \n                                    \n                                    Ver caso cl\u00ednico                                <\/a>\n                                                        <\/div>\n                    <\/div>\n                <\/div>\n                            <\/div>\n            <\/div>\n    <\/div>\t\t\t\t<\/div>\n\t\t\t\t<\/div>\n\t\t\t\t\t<\/div>\n\t\t<\/div>\n\t\t\t\t<div class=\"elementor-column elementor-col-33 elementor-inner-column elementor-element elementor-element-dc34c69\" data-id=\"dc34c69\" data-element_type=\"column\">\n\t\t\t<div class=\"elementor-widget-wrap elementor-element-populated\">\n\t\t\t\t\t\t<div class=\"elementor-element elementor-element-c3c801e ekit-equal-height-enable elementor-widget elementor-widget-elementskit-image-box\" data-id=\"c3c801e\" data-element_type=\"widget\" data-widget_type=\"elementskit-image-box.default\">\n\t\t\t\t<div class=\"elementor-widget-container\">\n\t\t\t\t\t<div class=\"ekit-wid-con\" >\n            <div class=\"elementskit-info-image-box ekit-image-box text-center hover_from_right hover-border-bottom\" >\n\n                <a href=\"https:\/\/aihcahomeopatia.com\/en\/potencia-101k\/\">\n                <div class=\"elementskit-box-header image-box-img-center\">\n\n                    <img decoding=\"async\" width=\"700\" height=\"430\" src=\"https:\/\/aihcahomeopatia.com\/wp-content\/uploads\/2025\/05\/Potencia-101k-2.jpg\" class=\"attachment-full size-full wp-image-16005\" alt=\"\" srcset=\"https:\/\/aihcahomeopatia.com\/wp-content\/uploads\/2025\/05\/Potencia-101k-2.jpg 700w, https:\/\/aihcahomeopatia.com\/wp-content\/uploads\/2025\/05\/Potencia-101k-2-300x184.jpg 300w, https:\/\/aihcahomeopatia.com\/wp-content\/uploads\/2025\/05\/Potencia-101k-2-600x369.jpg 600w, https:\/\/aihcahomeopatia.com\/wp-content\/uploads\/2025\/05\/Potencia-101k-2-18x12.jpg 18w, https:\/\/aihcahomeopatia.com\/wp-content\/uploads\/2025\/05\/Potencia-101k-2-81x50.jpg 81w\" sizes=\"(max-width: 700px) 100vw, 700px\" \/>\n                <\/div>\n                <\/a>\n                <div class=\"elementskit-box-body ekit-image-box-body\">\n                    <div class=\"elementskit-box-content ekit-image-box-body-inner\">\n                                                <h3 class=\"elementskit-info-box-title\">\n\n                        Conferencia: Potencia 101k\n                        \n                    <\/h3>\n                                                        <\/div>\n\n                                <div class=\"elementskit-box-footer\">\n                    <div class=\"box-footer\">\n                        <div class=\"btn-wraper\">\n                                                            <a href=\"https:\/\/aihcahomeopatia.com\/en\/potencia-101k\/\" class=\"elementskit-btn whitespace--normal\">\n                                    \n                                    \n                                    Ver conferencia                                <\/a>\n                                                        <\/div>\n                    <\/div>\n                <\/div>\n                            <\/div>\n            <\/div>\n    <\/div>\t\t\t\t<\/div>\n\t\t\t\t<\/div>\n\t\t\t\t\t<\/div>\n\t\t<\/div>\n\t\t\t\t<div class=\"elementor-column elementor-col-33 elementor-inner-column elementor-element elementor-element-377a585\" data-id=\"377a585\" data-element_type=\"column\">\n\t\t\t<div class=\"elementor-widget-wrap elementor-element-populated\">\n\t\t\t\t\t\t<div class=\"elementor-element elementor-element-ac907cb ekit-equal-height-enable elementor-widget elementor-widget-elementskit-image-box\" data-id=\"ac907cb\" data-element_type=\"widget\" data-widget_type=\"elementskit-image-box.default\">\n\t\t\t\t<div class=\"elementor-widget-container\">\n\t\t\t\t\t<div class=\"ekit-wid-con\" >\n            <div class=\"elementskit-info-image-box ekit-image-box text-center hover_from_right hover-border-bottom\" >\n\n                <a href=\"https:\/\/aihcahomeopatia.com\/en\/panhipopituitarismo-con-tumor-hipofisiario\/\">\n                <div class=\"elementskit-box-header image-box-img-center\">\n\n                    <img decoding=\"async\" width=\"700\" height=\"430\" src=\"https:\/\/aihcahomeopatia.com\/wp-content\/uploads\/2025\/05\/Panhipopituitarismo-con-tumor-hipofisiario.jpg\" class=\"attachment-full size-full wp-image-16001\" alt=\"\" srcset=\"https:\/\/aihcahomeopatia.com\/wp-content\/uploads\/2025\/05\/Panhipopituitarismo-con-tumor-hipofisiario.jpg 700w, https:\/\/aihcahomeopatia.com\/wp-content\/uploads\/2025\/05\/Panhipopituitarismo-con-tumor-hipofisiario-300x184.jpg 300w, https:\/\/aihcahomeopatia.com\/wp-content\/uploads\/2025\/05\/Panhipopituitarismo-con-tumor-hipofisiario-600x369.jpg 600w, https:\/\/aihcahomeopatia.com\/wp-content\/uploads\/2025\/05\/Panhipopituitarismo-con-tumor-hipofisiario-18x12.jpg 18w, https:\/\/aihcahomeopatia.com\/wp-content\/uploads\/2025\/05\/Panhipopituitarismo-con-tumor-hipofisiario-81x50.jpg 81w\" sizes=\"(max-width: 700px) 100vw, 700px\" \/>\n                <\/div>\n                <\/a>\n                <div class=\"elementskit-box-body ekit-image-box-body\">\n                    <div class=\"elementskit-box-content ekit-image-box-body-inner\">\n                                                <h3 class=\"elementskit-info-box-title\">\n\n                        Caso cl\u00ednico: Panhipopituitarismo\n                        \n                    <\/h3>\n                                                        <\/div>\n\n                                <div class=\"elementskit-box-footer\">\n                    <div class=\"box-footer\">\n                        <div class=\"btn-wraper\">\n                                                            <a href=\"https:\/\/aihcahomeopatia.com\/en\/panhipopituitarismo-con-tumor-hipofisiario\/\" class=\"elementskit-btn whitespace--normal\">\n                                    \n                                    \n                                    Ver caso cl\u00ednico                                <\/a>\n                                                        <\/div>\n                    <\/div>\n                <\/div>\n                            <\/div>\n            <\/div>\n    <\/div>\t\t\t\t<\/div>\n\t\t\t\t<\/div>\n\t\t\t\t\t<\/div>\n\t\t<\/div>\n\t\t\t\t\t<\/div>\n\t\t<\/section>\n\t\t\t\t<section class=\"elementor-section elementor-inner-section elementor-element elementor-element-9b23f9a elementor-section-full_width elementor-section-height-default elementor-section-height-default wpr-particle-no wpr-jarallax-no wpr-parallax-no wpr-sticky-section-no\" data-id=\"9b23f9a\" data-element_type=\"section\" data-settings=\"{&quot;_ha_eqh_enable&quot;:false}\">\n\t\t\t\t\t\t<div class=\"elementor-container elementor-column-gap-default\">\n\t\t\t\t\t<div class=\"elementor-column elementor-col-33 elementor-inner-column elementor-element elementor-element-8b950d4\" data-id=\"8b950d4\" data-element_type=\"column\">\n\t\t\t<div class=\"elementor-widget-wrap elementor-element-populated\">\n\t\t\t\t\t\t<div class=\"elementor-element elementor-element-50dbe08 ekit-equal-height-enable elementor-widget elementor-widget-elementskit-image-box\" data-id=\"50dbe08\" data-element_type=\"widget\" data-widget_type=\"elementskit-image-box.default\">\n\t\t\t\t<div class=\"elementor-widget-container\">\n\t\t\t\t\t<div class=\"ekit-wid-con\" >\n            <div class=\"elementskit-info-image-box ekit-image-box text-center hover_from_right hover-border-bottom\" >\n\n                <a href=\"https:\/\/aihcahomeopatia.com\/en\/caso-clinico-anemia-e-insuficiencia-renal\/\">\n                <div class=\"elementskit-box-header image-box-img-center\">\n\n                    <img loading=\"lazy\" decoding=\"async\" width=\"700\" height=\"430\" src=\"https:\/\/aihcahomeopatia.com\/wp-content\/uploads\/2025\/05\/Anemia-insuficiencia-renal-cronica.jpg\" class=\"attachment-full size-full wp-image-16002\" alt=\"\" srcset=\"https:\/\/aihcahomeopatia.com\/wp-content\/uploads\/2025\/05\/Anemia-insuficiencia-renal-cronica.jpg 700w, https:\/\/aihcahomeopatia.com\/wp-content\/uploads\/2025\/05\/Anemia-insuficiencia-renal-cronica-300x184.jpg 300w, https:\/\/aihcahomeopatia.com\/wp-content\/uploads\/2025\/05\/Anemia-insuficiencia-renal-cronica-600x369.jpg 600w, https:\/\/aihcahomeopatia.com\/wp-content\/uploads\/2025\/05\/Anemia-insuficiencia-renal-cronica-18x12.jpg 18w, https:\/\/aihcahomeopatia.com\/wp-content\/uploads\/2025\/05\/Anemia-insuficiencia-renal-cronica-81x50.jpg 81w\" sizes=\"(max-width: 700px) 100vw, 700px\" \/>\n                <\/div>\n                <\/a>\n                <div class=\"elementskit-box-body ekit-image-box-body\">\n                    <div class=\"elementskit-box-content ekit-image-box-body-inner\">\n                                                <h3 class=\"elementskit-info-box-title\">\n\n                        Caso cl\u00ednico: Anemia + insuficiencia renal\n                        \n                    <\/h3>\n                                                        <\/div>\n\n                                <div class=\"elementskit-box-footer\">\n                    <div class=\"box-footer\">\n                        <div class=\"btn-wraper\">\n                                                            <a href=\"https:\/\/aihcahomeopatia.com\/en\/caso-clinico-anemia-e-insuficiencia-renal\/\" class=\"elementskit-btn whitespace--normal\">\n                                    \n                                    \n                                    Ver caso cl\u00ednico                                <\/a>\n                                                        <\/div>\n                    <\/div>\n                <\/div>\n                            <\/div>\n            <\/div>\n    <\/div>\t\t\t\t<\/div>\n\t\t\t\t<\/div>\n\t\t\t\t\t<\/div>\n\t\t<\/div>\n\t\t\t\t<div class=\"elementor-column elementor-col-33 elementor-inner-column elementor-element elementor-element-f7d6865\" data-id=\"f7d6865\" data-element_type=\"column\">\n\t\t\t<div class=\"elementor-widget-wrap elementor-element-populated\">\n\t\t\t\t\t\t<div class=\"elementor-element elementor-element-3c0f673 ekit-equal-height-enable elementor-widget elementor-widget-elementskit-image-box\" data-id=\"3c0f673\" data-element_type=\"widget\" data-widget_type=\"elementskit-image-box.default\">\n\t\t\t\t<div class=\"elementor-widget-container\">\n\t\t\t\t\t<div class=\"ekit-wid-con\" >\n            <div class=\"elementskit-info-image-box ekit-image-box text-center hover_from_right hover-border-bottom\" >\n\n                <a href=\"https:\/\/aihcahomeopatia.com\/en\/caso-clinico-acne-conglobata\/\">\n                <div class=\"elementskit-box-header image-box-img-center\">\n\n                    <img loading=\"lazy\" decoding=\"async\" width=\"700\" height=\"430\" src=\"https:\/\/aihcahomeopatia.com\/wp-content\/uploads\/2025\/05\/Acne-conglobata.jpg\" class=\"attachment-full size-full wp-image-16003\" alt=\"\" srcset=\"https:\/\/aihcahomeopatia.com\/wp-content\/uploads\/2025\/05\/Acne-conglobata.jpg 700w, https:\/\/aihcahomeopatia.com\/wp-content\/uploads\/2025\/05\/Acne-conglobata-300x184.jpg 300w, https:\/\/aihcahomeopatia.com\/wp-content\/uploads\/2025\/05\/Acne-conglobata-600x369.jpg 600w, https:\/\/aihcahomeopatia.com\/wp-content\/uploads\/2025\/05\/Acne-conglobata-18x12.jpg 18w, https:\/\/aihcahomeopatia.com\/wp-content\/uploads\/2025\/05\/Acne-conglobata-81x50.jpg 81w\" sizes=\"(max-width: 700px) 100vw, 700px\" \/>\n                <\/div>\n                <\/a>\n                <div class=\"elementskit-box-body ekit-image-box-body\">\n                    <div class=\"elementskit-box-content ekit-image-box-body-inner\">\n                                                <h3 class=\"elementskit-info-box-title\">\n\n                        Caso cl\u00ednico: Acn\u00e9 conglobata\n                        \n                    <\/h3>\n                                                        <\/div>\n\n                                <div class=\"elementskit-box-footer\">\n                    <div class=\"box-footer\">\n                        <div class=\"btn-wraper\">\n                                                            <a href=\"https:\/\/aihcahomeopatia.com\/en\/caso-clinico-acne-conglobata\/\" class=\"elementskit-btn whitespace--normal\">\n                                    \n                                    \n                                    Ver caso cl\u00ednico                                <\/a>\n                                                        <\/div>\n                    <\/div>\n                <\/div>\n                            <\/div>\n            <\/div>\n    <\/div>\t\t\t\t<\/div>\n\t\t\t\t<\/div>\n\t\t\t\t\t<\/div>\n\t\t<\/div>\n\t\t\t\t<div class=\"elementor-column elementor-col-33 elementor-inner-column elementor-element elementor-element-5c1a1f2\" data-id=\"5c1a1f2\" data-element_type=\"column\">\n\t\t\t<div class=\"elementor-widget-wrap elementor-element-populated\">\n\t\t\t\t\t\t<div class=\"elementor-element elementor-element-ef26831 ekit-equal-height-enable elementor-widget elementor-widget-elementskit-image-box\" data-id=\"ef26831\" data-element_type=\"widget\" data-widget_type=\"elementskit-image-box.default\">\n\t\t\t\t<div class=\"elementor-widget-container\">\n\t\t\t\t\t<div class=\"ekit-wid-con\" >\n            <div class=\"elementskit-info-image-box ekit-image-box text-center hover_from_right hover-border-bottom\" >\n\n                <a href=\"https:\/\/aihcahomeopatia.com\/en\/caso-clinico-esclerosis-multiple\/\">\n                <div class=\"elementskit-box-header image-box-img-center\">\n\n                    <img loading=\"lazy\" decoding=\"async\" width=\"700\" height=\"430\" src=\"https:\/\/aihcahomeopatia.com\/wp-content\/uploads\/2025\/05\/Esclerosis-Multiple.jpg\" class=\"attachment-full size-full wp-image-16004\" alt=\"\" srcset=\"https:\/\/aihcahomeopatia.com\/wp-content\/uploads\/2025\/05\/Esclerosis-Multiple.jpg 700w, https:\/\/aihcahomeopatia.com\/wp-content\/uploads\/2025\/05\/Esclerosis-Multiple-300x184.jpg 300w, https:\/\/aihcahomeopatia.com\/wp-content\/uploads\/2025\/05\/Esclerosis-Multiple-600x369.jpg 600w, https:\/\/aihcahomeopatia.com\/wp-content\/uploads\/2025\/05\/Esclerosis-Multiple-18x12.jpg 18w, https:\/\/aihcahomeopatia.com\/wp-content\/uploads\/2025\/05\/Esclerosis-Multiple-81x50.jpg 81w\" sizes=\"(max-width: 700px) 100vw, 700px\" \/>\n                <\/div>\n                <\/a>\n                <div class=\"elementskit-box-body ekit-image-box-body\">\n                    <div class=\"elementskit-box-content ekit-image-box-body-inner\">\n                                                <h3 class=\"elementskit-info-box-title\">\n\n                        Caso cl\u00ednico: Esclerosis m\u00faltiple\n                        \n                    <\/h3>\n                                                        <\/div>\n\n                                <div class=\"elementskit-box-footer\">\n                    <div class=\"box-footer\">\n                        <div class=\"btn-wraper\">\n                                                            <a href=\"https:\/\/aihcahomeopatia.com\/en\/caso-clinico-esclerosis-multiple\/\" class=\"elementskit-btn whitespace--normal\">\n                                    \n                                    \n                                    Ver caso cl\u00ednico                                <\/a>\n                                                        <\/div>\n                    <\/div>\n                <\/div>\n                            <\/div>\n            <\/div>\n    <\/div>\t\t\t\t<\/div>\n\t\t\t\t<\/div>\n\t\t\t\t\t<\/div>\n\t\t<\/div>\n\t\t\t\t\t<\/div>\n\t\t<\/section>\n\t\t\t\t\t<\/div>\n\t\t<\/div>\n\t\t\t\t\t<\/div>\n\t\t<\/section>\n\t\t\t\t<\/div>","protected":false},"excerpt":{"rendered":"<p>Conoce lo que hemos preparado para ti Descubre nuestro contenido gratuito Caso cl\u00ednico: Par\u00e1lisis cerebral Ver caso cl\u00ednico Conferencia: Potencia 101k Ver conferencia Caso cl\u00ednico: Panhipopituitarismo Ver caso cl\u00ednico Caso cl\u00ednico: Anemia + insuficiencia renal Ver caso cl\u00ednico Caso cl\u00ednico: Acn\u00e9 conglobata Ver caso cl\u00ednico<\/p>","protected":false},"author":2,"featured_media":0,"parent":0,"menu_order":0,"comment_status":"closed","ping_status":"closed","template":"elementor_header_footer","meta":{"footnotes":""},"class_list":["post-10503","page","type-page","status-publish","hentry"],"_links":{"self":[{"href":"https:\/\/aihcahomeopatia.com\/en\/wp-json\/wp\/v2\/pages\/10503","targetHints":{"allow":["GET"]}}],"collection":[{"href":"https:\/\/aihcahomeopatia.com\/en\/wp-json\/wp\/v2\/pages"}],"about":[{"href":"https:\/\/aihcahomeopatia.com\/en\/wp-json\/wp\/v2\/types\/page"}],"author":[{"embeddable":true,"href":"https:\/\/aihcahomeopatia.com\/en\/wp-json\/wp\/v2\/users\/2"}],"replies":[{"embeddable":true,"href":"https:\/\/aihcahomeopatia.com\/en\/wp-json\/wp\/v2\/comments?post=10503"}],"version-history":[{"count":180,"href":"https:\/\/aihcahomeopatia.com\/en\/wp-json\/wp\/v2\/pages\/10503\/revisions"}],"predecessor-version":[{"id":16068,"href":"https:\/\/aihcahomeopatia.com\/en\/wp-json\/wp\/v2\/pages\/10503\/revisions\/16068"}],"wp:attachment":[{"href":"https:\/\/aihcahomeopatia.com\/en\/wp-json\/wp\/v2\/media?parent=10503"}],"curies":[{"name":"wp","href":"https:\/\/api.w.org\/{rel}","templated":true}]}}