{"id":10651,"date":"2023-01-30T21:04:11","date_gmt":"2023-01-30T21:04:11","guid":{"rendered":"https:\/\/aihcahomeopatia.com\/?page_id=10651"},"modified":"2025-05-20T18:07:32","modified_gmt":"2025-05-20T18:07:32","slug":"caso-clinico-anemia-e-insuficiencia-renal","status":"publish","type":"page","link":"https:\/\/aihcahomeopatia.com\/en\/caso-clinico-anemia-e-insuficiencia-renal\/","title":{"rendered":"Caso cl\u00ednico: Anemia + insuficiencia renal cr\u00f3nica"},"content":{"rendered":"<div data-elementor-type=\"wp-page\" data-elementor-id=\"10651\" class=\"elementor elementor-10651\" data-elementor-settings=\"{&quot;ha_cmc_init_switcher&quot;:&quot;no&quot;}\">\n\t\t\t\t\t\t<section class=\"elementor-section elementor-top-section elementor-element elementor-element-dc9dfca elementor-section-boxed elementor-section-height-default elementor-section-height-default wpr-particle-no wpr-jarallax-no wpr-parallax-no wpr-sticky-section-no\" data-id=\"dc9dfca\" data-element_type=\"section\" data-settings=\"{&quot;_ha_eqh_enable&quot;:false}\">\n\t\t\t\t\t\t<div class=\"elementor-container elementor-column-gap-default\">\n\t\t\t\t\t<div class=\"elementor-column elementor-col-50 elementor-top-column elementor-element elementor-element-ba315f2\" data-id=\"ba315f2\" data-element_type=\"column\">\n\t\t\t<div class=\"elementor-widget-wrap elementor-element-populated\">\n\t\t\t\t\t\t<div class=\"elementor-element elementor-element-4680291 elementor-align-left elementor-mobile-align-center elementor-tablet-align-left elementor-widget elementor-widget-button\" data-id=\"4680291\" data-element_type=\"widget\" data-widget_type=\"button.default\">\n\t\t\t\t<div class=\"elementor-widget-container\">\n\t\t\t\t\t\t\t\t\t<div class=\"elementor-button-wrapper\">\n\t\t\t\t\t<a class=\"elementor-button elementor-button-link elementor-size-xl\" href=\"https:\/\/aihcahomeopatia.com\/en\/casos-clinicos\/\">\n\t\t\t\t\t\t<span class=\"elementor-button-content-wrapper\">\n\t\t\t\t\t\t\t\t\t<span class=\"elementor-button-text\">Volver a casos cl\u00ednicos<\/span>\n\t\t\t\t\t<\/span>\n\t\t\t\t\t<\/a>\n\t\t\t\t<\/div>\n\t\t\t\t\t\t\t\t<\/div>\n\t\t\t\t<\/div>\n\t\t\t\t<div class=\"elementor-element elementor-element-86d3277 elementor-widget elementor-widget-video\" data-id=\"86d3277\" data-element_type=\"widget\" data-settings=\"{&quot;youtube_url&quot;:&quot;https:\\\/\\\/www.youtube.com\\\/watch?v=M0zvJR6iLxA&quot;,&quot;show_image_overlay&quot;:&quot;yes&quot;,&quot;image_overlay&quot;:{&quot;url&quot;:&quot;https:\\\/\\\/aihcahomeopatia.com\\\/wp-content\\\/uploads\\\/2023\\\/01\\\/Autismo-modulo.jpg&quot;,&quot;id&quot;:10690,&quot;size&quot;:&quot;&quot;,&quot;alt&quot;:&quot;&quot;,&quot;source&quot;:&quot;library&quot;},&quot;video_type&quot;:&quot;youtube&quot;,&quot;controls&quot;:&quot;yes&quot;}\" data-widget_type=\"video.default\">\n\t\t\t\t<div class=\"elementor-widget-container\">\n\t\t\t\t\t\t\t<div class=\"elementor-wrapper elementor-open-inline\">\n\t\t\t<div class=\"elementor-video\"><\/div>\t\t\t\t<div class=\"elementor-custom-embed-image-overlay\" style=\"background-image: url(https:\/\/aihcahomeopatia.com\/wp-content\/uploads\/2023\/01\/Autismo-modulo.jpg);\">\n\t\t\t\t\t\t\t\t\t\t\t\t\t\t<\/div>\n\t\t\t\t\t<\/div>\n\t\t\t\t\t\t<\/div>\n\t\t\t\t<\/div>\n\t\t\t\t\t<\/div>\n\t\t<\/div>\n\t\t\t\t<div class=\"elementor-column elementor-col-50 elementor-top-column elementor-element elementor-element-8cdb6c3\" data-id=\"8cdb6c3\" data-element_type=\"column\">\n\t\t\t<div class=\"elementor-widget-wrap elementor-element-populated\">\n\t\t\t\t\t\t<div class=\"elementor-element elementor-element-3264ff5 elementor-widget__width-inherit elementor-widget elementor-widget-heading\" data-id=\"3264ff5\" data-element_type=\"widget\" data-widget_type=\"heading.default\">\n\t\t\t\t<div class=\"elementor-widget-container\">\n\t\t\t\t\t<h2 class=\"elementor-heading-title elementor-size-default\">Anemia + insuficiencia renal cr\u00f3nica<\/h2>\t\t\t\t<\/div>\n\t\t\t\t<\/div>\n\t\t\t\t<div class=\"elementor-element elementor-element-ea981c7 elementor-widget elementor-widget-text-editor\" data-id=\"ea981c7\" data-element_type=\"widget\" data-widget_type=\"text-editor.default\">\n\t\t\t\t<div class=\"elementor-widget-container\">\n\t\t\t\t\t\t\t\t\t<p class=\"\" data-start=\"0\" data-end=\"454\">Conoce a \u00d3scar, un paciente diagnosticado con anemia secundaria a insuficiencia renal cr\u00f3nica, quien hab\u00eda estado recibiendo hemodi\u00e1lisis durante 3 a\u00f1os. A pesar del tratamiento convencional, sus niveles de hemoglobina se manten\u00edan cr\u00edticamente bajos. Sin embargo, la administraci\u00f3n de eritropoyetina beta en potencia 101k produjo un cambio radical: su hemoglobina alcanz\u00f3 un nivel r\u00e9cord de 16 g\/dL, un valor que solo pudo lograrse con la potencia 101k.<\/p><p class=\"\" data-start=\"456\" data-end=\"760\">Este resultado es imposible de alcanzar con la eritropoyetina beta en su forma material, lo que demuestra que el esp\u00edritu de los remedios homeop\u00e1ticos act\u00faa de una manera que trasciende la sustancia material, llevando al cuerpo a una recuperaci\u00f3n que desaf\u00eda las expectativas de la medicina convencional.<\/p><p class=\"\" data-start=\"762\" data-end=\"850\"><strong>Este contenido forma parte del m\u00f3dulo 10: Patolog\u00edas extremas\u00a0<\/strong><\/p>\t\t\t\t\t\t\t\t<\/div>\n\t\t\t\t<\/div>\n\t\t\t\t<div class=\"elementor-element elementor-element-aadf87e elementor-align-center elementor-tablet-align-left elementor-mobile-align-center elementor-widget elementor-widget-button\" data-id=\"aadf87e\" data-element_type=\"widget\" data-widget_type=\"button.default\">\n\t\t\t\t<div class=\"elementor-widget-container\">\n\t\t\t\t\t\t\t\t\t<div class=\"elementor-button-wrapper\">\n\t\t\t\t\t<a class=\"elementor-button elementor-button-link elementor-size-lg\" href=\"https:\/\/aihcahomeopatia.com\/en\/courses\/modulo-10-patologias-extremas\/\">\n\t\t\t\t\t\t<span class=\"elementor-button-content-wrapper\">\n\t\t\t\t\t\t\t\t\t<span class=\"elementor-button-text\">Ver seminario completo<\/span>\n\t\t\t\t\t<\/span>\n\t\t\t\t\t<\/a>\n\t\t\t\t<\/div>\n\t\t\t\t\t\t\t\t<\/div>\n\t\t\t\t<\/div>\n\t\t\t\t\t<\/div>\n\t\t<\/div>\n\t\t\t\t\t<\/div>\n\t\t<\/section>\n\t\t\t\t<\/div>","protected":false},"excerpt":{"rendered":"<p>Volver a casos cl\u00ednicos Anemia + insuficiencia renal cr\u00f3nica Conoce a \u00d3scar, un paciente diagnosticado con anemia secundaria a insuficiencia renal cr\u00f3nica, quien hab\u00eda estado recibiendo hemodi\u00e1lisis durante 3 a\u00f1os. A pesar del tratamiento convencional, sus niveles de hemoglobina se manten\u00edan cr\u00edticamente bajos. Sin embargo,<\/p>","protected":false},"author":2,"featured_media":0,"parent":0,"menu_order":0,"comment_status":"closed","ping_status":"closed","template":"elementor_header_footer","meta":{"footnotes":""},"class_list":["post-10651","page","type-page","status-publish","hentry"],"_links":{"self":[{"href":"https:\/\/aihcahomeopatia.com\/en\/wp-json\/wp\/v2\/pages\/10651","targetHints":{"allow":["GET"]}}],"collection":[{"href":"https:\/\/aihcahomeopatia.com\/en\/wp-json\/wp\/v2\/pages"}],"about":[{"href":"https:\/\/aihcahomeopatia.com\/en\/wp-json\/wp\/v2\/types\/page"}],"author":[{"embeddable":true,"href":"https:\/\/aihcahomeopatia.com\/en\/wp-json\/wp\/v2\/users\/2"}],"replies":[{"embeddable":true,"href":"https:\/\/aihcahomeopatia.com\/en\/wp-json\/wp\/v2\/comments?post=10651"}],"version-history":[{"count":38,"href":"https:\/\/aihcahomeopatia.com\/en\/wp-json\/wp\/v2\/pages\/10651\/revisions"}],"predecessor-version":[{"id":16056,"href":"https:\/\/aihcahomeopatia.com\/en\/wp-json\/wp\/v2\/pages\/10651\/revisions\/16056"}],"wp:attachment":[{"href":"https:\/\/aihcahomeopatia.com\/en\/wp-json\/wp\/v2\/media?parent=10651"}],"curies":[{"name":"wp","href":"https:\/\/api.w.org\/{rel}","templated":true}]}}