{"id":10652,"date":"2023-01-30T21:43:20","date_gmt":"2023-01-30T21:43:20","guid":{"rendered":"https:\/\/aihcahomeopatia.com\/?page_id=10652"},"modified":"2025-05-20T18:21:28","modified_gmt":"2025-05-20T18:21:28","slug":"caso-clinico-acne-conglobata","status":"publish","type":"page","link":"https:\/\/aihcahomeopatia.com\/en\/caso-clinico-acne-conglobata\/","title":{"rendered":"Caso cl\u00ednico: Acn\u00e9 conglobata"},"content":{"rendered":"<div data-elementor-type=\"wp-page\" data-elementor-id=\"10652\" class=\"elementor elementor-10652\" data-elementor-settings=\"{&quot;ha_cmc_init_switcher&quot;:&quot;no&quot;}\">\n\t\t\t\t\t\t<section class=\"elementor-section elementor-top-section elementor-element elementor-element-dc9dfca elementor-section-boxed elementor-section-height-default elementor-section-height-default wpr-particle-no wpr-jarallax-no wpr-parallax-no wpr-sticky-section-no\" data-id=\"dc9dfca\" data-element_type=\"section\" data-settings=\"{&quot;_ha_eqh_enable&quot;:false}\">\n\t\t\t\t\t\t<div class=\"elementor-container elementor-column-gap-default\">\n\t\t\t\t\t<div class=\"elementor-column elementor-col-50 elementor-top-column elementor-element elementor-element-ba315f2\" data-id=\"ba315f2\" data-element_type=\"column\">\n\t\t\t<div class=\"elementor-widget-wrap elementor-element-populated\">\n\t\t\t\t\t\t<div class=\"elementor-element elementor-element-efb4f5e elementor-align-left elementor-mobile-align-center elementor-tablet-align-left elementor-widget elementor-widget-button\" data-id=\"efb4f5e\" data-element_type=\"widget\" data-widget_type=\"button.default\">\n\t\t\t\t<div class=\"elementor-widget-container\">\n\t\t\t\t\t\t\t\t\t<div class=\"elementor-button-wrapper\">\n\t\t\t\t\t<a class=\"elementor-button elementor-button-link elementor-size-xl\" href=\"https:\/\/aihcahomeopatia.com\/en\/casos-clinicos\/\">\n\t\t\t\t\t\t<span class=\"elementor-button-content-wrapper\">\n\t\t\t\t\t\t\t\t\t<span class=\"elementor-button-text\">Volver a casos cl\u00ednicos<\/span>\n\t\t\t\t\t<\/span>\n\t\t\t\t\t<\/a>\n\t\t\t\t<\/div>\n\t\t\t\t\t\t\t\t<\/div>\n\t\t\t\t<\/div>\n\t\t\t\t<div class=\"elementor-element elementor-element-86d3277 elementor-widget elementor-widget-video\" data-id=\"86d3277\" data-element_type=\"widget\" data-settings=\"{&quot;youtube_url&quot;:&quot;https:\\\/\\\/www.youtube.com\\\/watch?v=wCw6X6ntW8w&quot;,&quot;show_image_overlay&quot;:&quot;yes&quot;,&quot;image_overlay&quot;:{&quot;url&quot;:&quot;https:\\\/\\\/aihcahomeopatia.com\\\/wp-content\\\/uploads\\\/2023\\\/01\\\/Sindrome-de-Sjogren-1.jpg&quot;,&quot;id&quot;:10689,&quot;size&quot;:&quot;&quot;,&quot;alt&quot;:&quot;&quot;,&quot;source&quot;:&quot;library&quot;},&quot;video_type&quot;:&quot;youtube&quot;,&quot;controls&quot;:&quot;yes&quot;}\" data-widget_type=\"video.default\">\n\t\t\t\t<div class=\"elementor-widget-container\">\n\t\t\t\t\t\t\t<div class=\"elementor-wrapper elementor-open-inline\">\n\t\t\t<div class=\"elementor-video\"><\/div>\t\t\t\t<div class=\"elementor-custom-embed-image-overlay\" style=\"background-image: url(https:\/\/aihcahomeopatia.com\/wp-content\/uploads\/2023\/01\/Sindrome-de-Sjogren-1.jpg);\">\n\t\t\t\t\t\t\t\t\t\t\t\t\t\t<\/div>\n\t\t\t\t\t<\/div>\n\t\t\t\t\t\t<\/div>\n\t\t\t\t<\/div>\n\t\t\t\t\t<\/div>\n\t\t<\/div>\n\t\t\t\t<div class=\"elementor-column elementor-col-50 elementor-top-column elementor-element elementor-element-8cdb6c3\" data-id=\"8cdb6c3\" data-element_type=\"column\">\n\t\t\t<div class=\"elementor-widget-wrap elementor-element-populated\">\n\t\t\t\t\t\t<div class=\"elementor-element elementor-element-3264ff5 elementor-widget__width-inherit elementor-widget elementor-widget-heading\" data-id=\"3264ff5\" data-element_type=\"widget\" data-widget_type=\"heading.default\">\n\t\t\t\t<div class=\"elementor-widget-container\">\n\t\t\t\t\t<h2 class=\"elementor-heading-title elementor-size-default\">Acn\u00e9 conglobata<br><\/h2>\t\t\t\t<\/div>\n\t\t\t\t<\/div>\n\t\t\t\t<div class=\"elementor-element elementor-element-ea981c7 elementor-widget elementor-widget-text-editor\" data-id=\"ea981c7\" data-element_type=\"widget\" data-widget_type=\"text-editor.default\">\n\t\t\t\t<div class=\"elementor-widget-container\">\n\t\t\t\t\t\t\t\t\t<p class=\"\" data-start=\"0\" data-end=\"364\">Descubre el caso de una paciente que sufr\u00eda de acn\u00e9 conglobata, una de las formas m\u00e1s severas de acn\u00e9. Tras una larga historia de intentos fallidos con tratamientos convencionales, fue tratada con el nuevo remedio homeop\u00e1tico Dermocinum (sarcode-nosode), un remedio gen\u00e9tico-regenerador con la capacidad de modificar y sanar afecciones cut\u00e1neas cr\u00f3nicas\u00a0 graves.<\/p><p class=\"\" data-start=\"366\" data-end=\"704\">El resultado fue impresionante: la mejor\u00eda en su piel super\u00f3 con creces lo que se hab\u00eda logrado con cualquier otro tratamiento m\u00e9dico. En este caso de acn\u00e9 conglobata, la respuesta de sanaci\u00f3n alcanz\u00f3 el 90%, demostrando que Dermocinum posee un poder regenerativo sin igual, capaz de transformar y sanar lo que antes parec\u00eda irreversible.<\/p><p class=\"\" data-start=\"706\" data-end=\"814\"><b>Este material forma parte del seminario: Cualidades din\u00e1micas de la potencia 101k<\/b><\/p>\t\t\t\t\t\t\t\t<\/div>\n\t\t\t\t<\/div>\n\t\t\t\t<div class=\"elementor-element elementor-element-aadf87e elementor-align-center elementor-tablet-align-left elementor-mobile-align-center elementor-widget elementor-widget-button\" data-id=\"aadf87e\" data-element_type=\"widget\" data-widget_type=\"button.default\">\n\t\t\t\t<div class=\"elementor-widget-container\">\n\t\t\t\t\t\t\t\t\t<div class=\"elementor-button-wrapper\">\n\t\t\t\t\t<a class=\"elementor-button elementor-button-link elementor-size-lg\" href=\"https:\/\/aihcahomeopatia.com\/en\/courses\/seminario-cualidades-dinamicas-de-la-potencia-101k\/\">\n\t\t\t\t\t\t<span class=\"elementor-button-content-wrapper\">\n\t\t\t\t\t\t\t\t\t<span class=\"elementor-button-text\">Ver seminario completo<\/span>\n\t\t\t\t\t<\/span>\n\t\t\t\t\t<\/a>\n\t\t\t\t<\/div>\n\t\t\t\t\t\t\t\t<\/div>\n\t\t\t\t<\/div>\n\t\t\t\t\t<\/div>\n\t\t<\/div>\n\t\t\t\t\t<\/div>\n\t\t<\/section>\n\t\t\t\t<\/div>","protected":false},"excerpt":{"rendered":"<p>Volver a casos cl\u00ednicos Acn\u00e9 conglobata Descubre el caso de una paciente que sufr\u00eda de acn\u00e9 conglobata, una de las formas m\u00e1s severas de acn\u00e9. Tras una larga historia de intentos fallidos con tratamientos convencionales, fue tratada con el nuevo remedio homeop\u00e1tico Dermocinum (sarcode-nosode), un<\/p>","protected":false},"author":2,"featured_media":0,"parent":0,"menu_order":0,"comment_status":"closed","ping_status":"closed","template":"elementor_header_footer","meta":{"footnotes":""},"class_list":["post-10652","page","type-page","status-publish","hentry"],"_links":{"self":[{"href":"https:\/\/aihcahomeopatia.com\/en\/wp-json\/wp\/v2\/pages\/10652","targetHints":{"allow":["GET"]}}],"collection":[{"href":"https:\/\/aihcahomeopatia.com\/en\/wp-json\/wp\/v2\/pages"}],"about":[{"href":"https:\/\/aihcahomeopatia.com\/en\/wp-json\/wp\/v2\/types\/page"}],"author":[{"embeddable":true,"href":"https:\/\/aihcahomeopatia.com\/en\/wp-json\/wp\/v2\/users\/2"}],"replies":[{"embeddable":true,"href":"https:\/\/aihcahomeopatia.com\/en\/wp-json\/wp\/v2\/comments?post=10652"}],"version-history":[{"count":29,"href":"https:\/\/aihcahomeopatia.com\/en\/wp-json\/wp\/v2\/pages\/10652\/revisions"}],"predecessor-version":[{"id":16062,"href":"https:\/\/aihcahomeopatia.com\/en\/wp-json\/wp\/v2\/pages\/10652\/revisions\/16062"}],"wp:attachment":[{"href":"https:\/\/aihcahomeopatia.com\/en\/wp-json\/wp\/v2\/media?parent=10652"}],"curies":[{"name":"wp","href":"https:\/\/api.w.org\/{rel}","templated":true}]}}