{"id":10653,"date":"2023-01-30T22:22:13","date_gmt":"2023-01-30T22:22:13","guid":{"rendered":"https:\/\/aihcahomeopatia.com\/?page_id=10653"},"modified":"2025-06-11T19:45:28","modified_gmt":"2025-06-11T19:45:28","slug":"panhipopituitarismo-con-tumor-hipofisiario","status":"publish","type":"page","link":"https:\/\/aihcahomeopatia.com\/en\/panhipopituitarismo-con-tumor-hipofisiario\/","title":{"rendered":"Caso cl\u00ednico: Panhipopituitarismo con tumor hipofisiario"},"content":{"rendered":"<div data-elementor-type=\"wp-page\" data-elementor-id=\"10653\" class=\"elementor elementor-10653\" data-elementor-settings=\"{&quot;ha_cmc_init_switcher&quot;:&quot;no&quot;}\">\n\t\t\t\t\t\t<section class=\"elementor-section elementor-top-section elementor-element elementor-element-dc9dfca elementor-section-boxed elementor-section-height-default elementor-section-height-default wpr-particle-no wpr-jarallax-no wpr-parallax-no wpr-sticky-section-no\" data-id=\"dc9dfca\" data-element_type=\"section\" data-settings=\"{&quot;_ha_eqh_enable&quot;:false}\">\n\t\t\t\t\t\t<div class=\"elementor-container elementor-column-gap-default\">\n\t\t\t\t\t<div class=\"elementor-column elementor-col-50 elementor-top-column elementor-element elementor-element-ba315f2\" data-id=\"ba315f2\" data-element_type=\"column\">\n\t\t\t<div class=\"elementor-widget-wrap elementor-element-populated\">\n\t\t\t\t\t\t<div class=\"elementor-element elementor-element-8e2207b elementor-align-left elementor-mobile-align-center elementor-tablet-align-left elementor-widget elementor-widget-button\" data-id=\"8e2207b\" data-element_type=\"widget\" data-widget_type=\"button.default\">\n\t\t\t\t<div class=\"elementor-widget-container\">\n\t\t\t\t\t\t\t\t\t<div class=\"elementor-button-wrapper\">\n\t\t\t\t\t<a class=\"elementor-button elementor-button-link elementor-size-xl\" href=\"https:\/\/aihcahomeopatia.com\/en\/casos-clinicos\/\">\n\t\t\t\t\t\t<span class=\"elementor-button-content-wrapper\">\n\t\t\t\t\t\t\t\t\t<span class=\"elementor-button-text\">Volver a casos cl\u00ednicos<\/span>\n\t\t\t\t\t<\/span>\n\t\t\t\t\t<\/a>\n\t\t\t\t<\/div>\n\t\t\t\t\t\t\t\t<\/div>\n\t\t\t\t<\/div>\n\t\t\t\t<div class=\"elementor-element elementor-element-86d3277 elementor-widget elementor-widget-video\" data-id=\"86d3277\" data-element_type=\"widget\" data-settings=\"{&quot;youtube_url&quot;:&quot;https:\\\/\\\/www.youtube.com\\\/watch?v=6RqoO1kS4ho&quot;,&quot;show_image_overlay&quot;:&quot;yes&quot;,&quot;image_overlay&quot;:{&quot;url&quot;:&quot;https:\\\/\\\/aihcahomeopatia.com\\\/wp-content\\\/uploads\\\/2023\\\/01\\\/Pan-hipopituitarismo-con-tumor-hipofisiario.jpg&quot;,&quot;id&quot;:10688,&quot;size&quot;:&quot;&quot;,&quot;alt&quot;:&quot;&quot;,&quot;source&quot;:&quot;library&quot;},&quot;video_type&quot;:&quot;youtube&quot;,&quot;controls&quot;:&quot;yes&quot;}\" data-widget_type=\"video.default\">\n\t\t\t\t<div class=\"elementor-widget-container\">\n\t\t\t\t\t\t\t<div class=\"elementor-wrapper elementor-open-inline\">\n\t\t\t<div class=\"elementor-video\"><\/div>\t\t\t\t<div class=\"elementor-custom-embed-image-overlay\" style=\"background-image: url(https:\/\/aihcahomeopatia.com\/wp-content\/uploads\/2023\/01\/Pan-hipopituitarismo-con-tumor-hipofisiario.jpg);\">\n\t\t\t\t\t\t\t\t\t\t\t\t\t\t<\/div>\n\t\t\t\t\t<\/div>\n\t\t\t\t\t\t<\/div>\n\t\t\t\t<\/div>\n\t\t\t\t\t<\/div>\n\t\t<\/div>\n\t\t\t\t<div class=\"elementor-column elementor-col-50 elementor-top-column elementor-element elementor-element-8cdb6c3\" data-id=\"8cdb6c3\" data-element_type=\"column\">\n\t\t\t<div class=\"elementor-widget-wrap elementor-element-populated\">\n\t\t\t\t\t\t<div class=\"elementor-element elementor-element-3264ff5 elementor-widget__width-inherit stax-condition-yes elementor-widget elementor-widget-heading\" data-id=\"3264ff5\" data-element_type=\"widget\" data-widget_type=\"heading.default\">\n\t\t\t\t<div class=\"elementor-widget-container\">\n\t\t\t\t\t<span class=\"elementor-heading-title elementor-size-large\">Panhipopituitarismo con<br>\n\ntumor hipofisario<\/span>\t\t\t\t<\/div>\n\t\t\t\t<\/div>\n\t\t\t\t<div class=\"elementor-element elementor-element-ea981c7 elementor-widget elementor-widget-text-editor\" data-id=\"ea981c7\" data-element_type=\"widget\" data-widget_type=\"text-editor.default\">\n\t\t\t\t<div class=\"elementor-widget-container\">\n\t\t\t\t\t\t\t\t\t<p>A partir del 2012, a Jorge se le efectuaron varios procedimientos quir\u00fargicos con la intenci\u00f3n de extraer un macro adenoma hipofisario. 12 cirug\u00edas despu\u00e9s, se le retir\u00f3 completamente la hip\u00f3fisis y neurohip\u00f3fisis, dando como resultado una diabetes ins\u00edpida. Jorge presentaba insuficiencia suprarrenal aguda, hipotiroidismo e hipogonadismo, adem\u00e1s, perdi\u00f3 el vello en todo su cuerpo y orinaba hasta de 19 litros cada noche.<\/p><p>En 2016 se le dio tratamiento con Neuro-Reconexi\u00f3n, logrando revertir el da\u00f1o producido en el hipot\u00e1lamo. Posteriormente, gl\u00e1ndulas suprarrenales y la funci\u00f3n tiroidea comenzaron a mejorar.<\/p><p>Jorge sufri\u00f3 atrofia y reblandecimiento testicular debido a la destrucci\u00f3n de c\u00e9lulas por radiaciones Gamma Knife. 6 a\u00f1os m\u00e1s tarde, el Dr. Jorge Carlos Barbosa ide\u00f3 una manera para que los test\u00edculos volvieran a producir testosterona. Al poco tiempo, las gl\u00e1ndulas se recuperaron por completo y ahora Jorge se encuentra en proceso de producir testosterona medible y cuantificable.<\/p><p>Este material forma parte del <strong>M\u00f3dulo 4: Sistema endocrino y hormonas homeop\u00e1ticas<\/strong>. Durante este seminario se presentan otros casos cl\u00ednicos en vivo tratados con homeopat\u00eda como: Diabetes ins\u00edpida, Hipotiroidismo con prostatitis, C\u00e1ncer de colon \u00a1y m\u00e1s!<\/p>\t\t\t\t\t\t\t\t<\/div>\n\t\t\t\t<\/div>\n\t\t\t\t<div class=\"elementor-element elementor-element-aadf87e elementor-align-center elementor-tablet-align-left elementor-mobile-align-center elementor-widget elementor-widget-button\" data-id=\"aadf87e\" data-element_type=\"widget\" data-widget_type=\"button.default\">\n\t\t\t\t<div class=\"elementor-widget-container\">\n\t\t\t\t\t\t\t\t\t<div class=\"elementor-button-wrapper\">\n\t\t\t\t\t<a class=\"elementor-button elementor-button-link elementor-size-lg\" href=\"https:\/\/aihcahomeopatia.com\/en\/courses\/modulo-4-sistema-endocrino-y-hormonas-homeopaticas\/\">\n\t\t\t\t\t\t<span class=\"elementor-button-content-wrapper\">\n\t\t\t\t\t\t\t\t\t<span class=\"elementor-button-text\">Ver seminario completo<\/span>\n\t\t\t\t\t<\/span>\n\t\t\t\t\t<\/a>\n\t\t\t\t<\/div>\n\t\t\t\t\t\t\t\t<\/div>\n\t\t\t\t<\/div>\n\t\t\t\t\t<\/div>\n\t\t<\/div>\n\t\t\t\t\t<\/div>\n\t\t<\/section>\n\t\t\t\t<\/div>","protected":false},"excerpt":{"rendered":"<p>Volver a casos cl\u00ednicos Panhipopituitarismo con tumor hipofisario A partir del 2012, a Jorge se le efectuaron varios procedimientos quir\u00fargicos con la intenci\u00f3n de extraer un macro adenoma hipofisario. 12 cirug\u00edas despu\u00e9s, se le retir\u00f3 completamente la hip\u00f3fisis y neurohip\u00f3fisis, dando como resultado una diabetes<\/p>","protected":false},"author":2,"featured_media":0,"parent":0,"menu_order":0,"comment_status":"closed","ping_status":"closed","template":"elementor_header_footer","meta":{"footnotes":""},"class_list":["post-10653","page","type-page","status-publish","hentry"],"_links":{"self":[{"href":"https:\/\/aihcahomeopatia.com\/en\/wp-json\/wp\/v2\/pages\/10653","targetHints":{"allow":["GET"]}}],"collection":[{"href":"https:\/\/aihcahomeopatia.com\/en\/wp-json\/wp\/v2\/pages"}],"about":[{"href":"https:\/\/aihcahomeopatia.com\/en\/wp-json\/wp\/v2\/types\/page"}],"author":[{"embeddable":true,"href":"https:\/\/aihcahomeopatia.com\/en\/wp-json\/wp\/v2\/users\/2"}],"replies":[{"embeddable":true,"href":"https:\/\/aihcahomeopatia.com\/en\/wp-json\/wp\/v2\/comments?post=10653"}],"version-history":[{"count":52,"href":"https:\/\/aihcahomeopatia.com\/en\/wp-json\/wp\/v2\/pages\/10653\/revisions"}],"predecessor-version":[{"id":16250,"href":"https:\/\/aihcahomeopatia.com\/en\/wp-json\/wp\/v2\/pages\/10653\/revisions\/16250"}],"wp:attachment":[{"href":"https:\/\/aihcahomeopatia.com\/en\/wp-json\/wp\/v2\/media?parent=10653"}],"curies":[{"name":"wp","href":"https:\/\/api.w.org\/{rel}","templated":true}]}}