{"id":10654,"date":"2023-01-30T22:33:38","date_gmt":"2023-01-30T22:33:38","guid":{"rendered":"https:\/\/aihcahomeopatia.com\/?page_id=10654"},"modified":"2025-05-20T18:45:06","modified_gmt":"2025-05-20T18:45:06","slug":"caso-clinico-esclerosis-multiple","status":"publish","type":"page","link":"https:\/\/aihcahomeopatia.com\/en\/caso-clinico-esclerosis-multiple\/","title":{"rendered":"Caso cl\u00ednico: Esclerosis M\u00faltiple"},"content":{"rendered":"<div data-elementor-type=\"wp-page\" data-elementor-id=\"10654\" class=\"elementor elementor-10654\" data-elementor-settings=\"{&quot;ha_cmc_init_switcher&quot;:&quot;no&quot;}\">\n\t\t\t\t\t\t<section class=\"elementor-section elementor-top-section elementor-element elementor-element-dc9dfca elementor-section-boxed elementor-section-height-default elementor-section-height-default wpr-particle-no wpr-jarallax-no wpr-parallax-no wpr-sticky-section-no\" data-id=\"dc9dfca\" data-element_type=\"section\" data-settings=\"{&quot;_ha_eqh_enable&quot;:false}\">\n\t\t\t\t\t\t<div class=\"elementor-container elementor-column-gap-default\">\n\t\t\t\t\t<div class=\"elementor-column elementor-col-50 elementor-top-column elementor-element elementor-element-ba315f2\" data-id=\"ba315f2\" data-element_type=\"column\">\n\t\t\t<div class=\"elementor-widget-wrap elementor-element-populated\">\n\t\t\t\t\t\t<div class=\"elementor-element elementor-element-d23bf6c elementor-align-left elementor-mobile-align-center elementor-tablet-align-left elementor-widget elementor-widget-button\" data-id=\"d23bf6c\" data-element_type=\"widget\" data-widget_type=\"button.default\">\n\t\t\t\t<div class=\"elementor-widget-container\">\n\t\t\t\t\t\t\t\t\t<div class=\"elementor-button-wrapper\">\n\t\t\t\t\t<a class=\"elementor-button elementor-button-link elementor-size-xl\" href=\"https:\/\/aihcahomeopatia.com\/en\/casos-clinicos\/\">\n\t\t\t\t\t\t<span class=\"elementor-button-content-wrapper\">\n\t\t\t\t\t\t\t\t\t<span class=\"elementor-button-text\">Volver a casos cl\u00ednicos<\/span>\n\t\t\t\t\t<\/span>\n\t\t\t\t\t<\/a>\n\t\t\t\t<\/div>\n\t\t\t\t\t\t\t\t<\/div>\n\t\t\t\t<\/div>\n\t\t\t\t<div class=\"elementor-element elementor-element-86d3277 elementor-widget elementor-widget-video\" data-id=\"86d3277\" data-element_type=\"widget\" data-settings=\"{&quot;youtube_url&quot;:&quot;https:\\\/\\\/www.youtube.com\\\/watch?v=CFfl8JTL8XI&quot;,&quot;show_image_overlay&quot;:&quot;yes&quot;,&quot;image_overlay&quot;:{&quot;url&quot;:&quot;https:\\\/\\\/aihcahomeopatia.com\\\/wp-content\\\/uploads\\\/2023\\\/01\\\/Sindrome-de-Sjogren-1.jpg&quot;,&quot;id&quot;:10689,&quot;size&quot;:&quot;&quot;,&quot;alt&quot;:&quot;&quot;,&quot;source&quot;:&quot;library&quot;},&quot;video_type&quot;:&quot;youtube&quot;,&quot;controls&quot;:&quot;yes&quot;}\" data-widget_type=\"video.default\">\n\t\t\t\t<div class=\"elementor-widget-container\">\n\t\t\t\t\t\t\t<div class=\"elementor-wrapper elementor-open-inline\">\n\t\t\t<div class=\"elementor-video\"><\/div>\t\t\t\t<div class=\"elementor-custom-embed-image-overlay\" style=\"background-image: url(https:\/\/aihcahomeopatia.com\/wp-content\/uploads\/2023\/01\/Sindrome-de-Sjogren-1.jpg);\">\n\t\t\t\t\t\t\t\t\t\t\t\t\t\t<\/div>\n\t\t\t\t\t<\/div>\n\t\t\t\t\t\t<\/div>\n\t\t\t\t<\/div>\n\t\t\t\t\t<\/div>\n\t\t<\/div>\n\t\t\t\t<div class=\"elementor-column elementor-col-50 elementor-top-column elementor-element elementor-element-8cdb6c3\" data-id=\"8cdb6c3\" data-element_type=\"column\">\n\t\t\t<div class=\"elementor-widget-wrap elementor-element-populated\">\n\t\t\t\t\t\t<div class=\"elementor-element elementor-element-3264ff5 elementor-widget__width-inherit elementor-widget elementor-widget-heading\" data-id=\"3264ff5\" data-element_type=\"widget\" data-widget_type=\"heading.default\">\n\t\t\t\t<div class=\"elementor-widget-container\">\n\t\t\t\t\t<span class=\"elementor-heading-title elementor-size-default\">Esclerosis m\u00faliple<\/span>\t\t\t\t<\/div>\n\t\t\t\t<\/div>\n\t\t\t\t<div class=\"elementor-element elementor-element-ea981c7 elementor-widget elementor-widget-text-editor\" data-id=\"ea981c7\" data-element_type=\"widget\" data-widget_type=\"text-editor.default\">\n\t\t\t\t<div class=\"elementor-widget-container\">\n\t\t\t\t\t\t\t\t\t<p class=\"\" data-start=\"0\" data-end=\"334\">Conoce a Mat\u00edas, un ni\u00f1o de 9 a\u00f1os que sufr\u00eda un caso muy severo de esclerosis m\u00faltiple pedi\u00e1trica. Ten\u00eda numerosas lesiones en el cerebro y experimentaba efectos intensos de la enfermedad, lo que lo hab\u00eda dejado en una condici\u00f3n muy fr\u00e1gil. Tras recibir tratamiento con remedios neurol\u00f3gicos en potencia 101k, ocurri\u00f3 algo incre\u00edble.<\/p><p class=\"\" data-start=\"336\" data-end=\"653\">En menos de un mes, Mat\u00edas comenz\u00f3 a mejorar de manera sorprendente, como si su cuerpo se estuviera sanando por s\u00ed solo. Este tratamiento homeop\u00e1tico logr\u00f3 lo que los m\u00e9todos tradicionales no pudieron: ayud\u00f3 a Mat\u00edas a recuperarse de forma r\u00e1pida y eficaz, demostrando el poder \u00fanico de los remedios en potencia 101k.<\/p><p class=\"\" data-start=\"655\" data-end=\"783\"><strong>Este material forma parte del m\u00f3dulo 16: La toma del caso, fundamento de la sanaci\u00f3n.<\/strong><\/p>\t\t\t\t\t\t\t\t<\/div>\n\t\t\t\t<\/div>\n\t\t\t\t<div class=\"elementor-element elementor-element-aadf87e elementor-align-center elementor-tablet-align-left elementor-mobile-align-center elementor-widget elementor-widget-button\" data-id=\"aadf87e\" data-element_type=\"widget\" data-widget_type=\"button.default\">\n\t\t\t\t<div class=\"elementor-widget-container\">\n\t\t\t\t\t\t\t\t\t<div class=\"elementor-button-wrapper\">\n\t\t\t\t\t<a class=\"elementor-button elementor-button-link elementor-size-lg\" href=\"https:\/\/aihcahomeopatia.com\/en\/courses\/modulo-16-la-toma-del-caso-fundamento-de-la-curacion-online\/\">\n\t\t\t\t\t\t<span class=\"elementor-button-content-wrapper\">\n\t\t\t\t\t\t\t\t\t<span class=\"elementor-button-text\">Ver seminario completo<\/span>\n\t\t\t\t\t<\/span>\n\t\t\t\t\t<\/a>\n\t\t\t\t<\/div>\n\t\t\t\t\t\t\t\t<\/div>\n\t\t\t\t<\/div>\n\t\t\t\t\t<\/div>\n\t\t<\/div>\n\t\t\t\t\t<\/div>\n\t\t<\/section>\n\t\t\t\t<\/div>","protected":false},"excerpt":{"rendered":"<p>Volver a casos cl\u00ednicos Esclerosis m\u00faliple Conoce a Mat\u00edas, un ni\u00f1o de 9 a\u00f1os que sufr\u00eda un caso muy severo de esclerosis m\u00faltiple pedi\u00e1trica. Ten\u00eda numerosas lesiones en el cerebro y experimentaba efectos intensos de la enfermedad, lo que lo hab\u00eda dejado en una condici\u00f3n<\/p>","protected":false},"author":2,"featured_media":0,"parent":0,"menu_order":0,"comment_status":"closed","ping_status":"closed","template":"elementor_header_footer","meta":{"footnotes":""},"class_list":["post-10654","page","type-page","status-publish","hentry"],"_links":{"self":[{"href":"https:\/\/aihcahomeopatia.com\/en\/wp-json\/wp\/v2\/pages\/10654","targetHints":{"allow":["GET"]}}],"collection":[{"href":"https:\/\/aihcahomeopatia.com\/en\/wp-json\/wp\/v2\/pages"}],"about":[{"href":"https:\/\/aihcahomeopatia.com\/en\/wp-json\/wp\/v2\/types\/page"}],"author":[{"embeddable":true,"href":"https:\/\/aihcahomeopatia.com\/en\/wp-json\/wp\/v2\/users\/2"}],"replies":[{"embeddable":true,"href":"https:\/\/aihcahomeopatia.com\/en\/wp-json\/wp\/v2\/comments?post=10654"}],"version-history":[{"count":28,"href":"https:\/\/aihcahomeopatia.com\/en\/wp-json\/wp\/v2\/pages\/10654\/revisions"}],"predecessor-version":[{"id":16079,"href":"https:\/\/aihcahomeopatia.com\/en\/wp-json\/wp\/v2\/pages\/10654\/revisions\/16079"}],"wp:attachment":[{"href":"https:\/\/aihcahomeopatia.com\/en\/wp-json\/wp\/v2\/media?parent=10654"}],"curies":[{"name":"wp","href":"https:\/\/api.w.org\/{rel}","templated":true}]}}