{"id":8459,"date":"2022-12-13T14:58:16","date_gmt":"2022-12-13T14:58:16","guid":{"rendered":"https:\/\/aihcahomeopatia.com\/?page_id=8459"},"modified":"2023-03-06T04:27:07","modified_gmt":"2023-03-06T04:27:07","slug":"tienda","status":"publish","type":"page","link":"https:\/\/aihcahomeopatia.com\/en\/tienda\/","title":{"rendered":"Tienda"},"content":{"rendered":"<div data-elementor-type=\"wp-page\" data-elementor-id=\"8459\" class=\"elementor elementor-8459\" data-elementor-settings=\"{&quot;ha_cmc_init_switcher&quot;:&quot;no&quot;}\">\n\t\t\t\t\t\t<section class=\"elementor-section elementor-top-section elementor-element elementor-element-d2d7e66 elementor-section-boxed elementor-section-height-default elementor-section-height-default wpr-particle-no wpr-jarallax-no wpr-parallax-no wpr-sticky-section-no\" data-id=\"d2d7e66\" data-element_type=\"section\" data-settings=\"{&quot;_ha_eqh_enable&quot;:false}\">\n\t\t\t\t\t\t<div class=\"elementor-container elementor-column-gap-default\">\n\t\t\t\t\t<div class=\"elementor-column elementor-col-100 elementor-top-column elementor-element elementor-element-4e4ae67\" data-id=\"4e4ae67\" data-element_type=\"column\">\n\t\t\t<div class=\"elementor-widget-wrap elementor-element-populated\">\n\t\t\t\t\t\t<div class=\"elementor-element elementor-element-394047c elementor-widget elementor-widget-heading\" data-id=\"394047c\" data-element_type=\"widget\" data-widget_type=\"heading.default\">\n\t\t\t\t<div class=\"elementor-widget-container\">\n\t\t\t\t\t<h2 class=\"elementor-heading-title elementor-size-default\">Desarrollados por el Dr. Jorge Carlos Barbosa, estos remedios homeop\u00e1ticos a la potencia 101k se\nadaptan de forma flexible de acuerdo a la condici\u00f3n del paciente, ofreciendo una opci\u00f3n eficaz y\nsegura para restablecer la salud.<\/h2>\t\t\t\t<\/div>\n\t\t\t\t<\/div>\n\t\t\t\t<div class=\"elementor-element elementor-element-18e7fd7 premium-woo-product-align-center premium-qv-hidden-yes elementor-widget elementor-widget-premium-woo-products\" data-id=\"18e7fd7\" data-element_type=\"widget\" data-widget_type=\"premium-woo-products.grid-1\">\n\t\t\t\t<div class=\"elementor-widget-container\">\n\t\t\t\t\t<div class=\"premium-woocommerce premium-woo-products-grid premium-woo-skin-grid-1 premium-woo-query-custom\" data-page-id=\"8459\" data-skin=\"grid_1\" data-quick-view=\"yes\"><div class=\"premium-woo-products-inner premium-woo-product__hover-swap\"><ul class=\"products columns-4\">\n\n<li class=\"post-13048 product first instock shipping-taxable purchasable product-type-simple\">\n\t<div class=\"premium-woo-product-wrapper premium-con-lq__none\">\n\t\t<div class=\"premium-woo-product-thumbnail\"><a href=\"https:\/\/aihcahomeopatia.com\/en\/product\/nuevos-remedios-101k-2\/\" class=\"woocommerce-LoopProduct-link woocommerce-loop-product__link\"><img decoding=\"async\" src=\"https:\/\/aihcahomeopatia.com\/wp-content\/uploads\/2022\/12\/Nuevos-Remedios-homeopaticos.jpg\" alt=\"\"><img fetchpriority=\"high\" decoding=\"async\" width=\"2044\" height=\"2560\" src=\"https:\/\/aihcahomeopatia.com\/wp-content\/uploads\/2022\/12\/Image-3-Nuevos-remedios-scaled-1.jpg\" class=\"premium-woo-product__on_hover\" alt=\"\" srcset=\"https:\/\/aihcahomeopatia.com\/wp-content\/uploads\/2022\/12\/Image-3-Nuevos-remedios-scaled-1.jpg 2044w, https:\/\/aihcahomeopatia.com\/wp-content\/uploads\/2022\/12\/Image-3-Nuevos-remedios-scaled-1-300x376.jpg 300w, https:\/\/aihcahomeopatia.com\/wp-content\/uploads\/2022\/12\/Image-3-Nuevos-remedios-scaled-1-600x751.jpg 600w, https:\/\/aihcahomeopatia.com\/wp-content\/uploads\/2022\/12\/Image-3-Nuevos-remedios-scaled-1-240x300.jpg 240w, https:\/\/aihcahomeopatia.com\/wp-content\/uploads\/2022\/12\/Image-3-Nuevos-remedios-scaled-1-818x1024.jpg 818w, https:\/\/aihcahomeopatia.com\/wp-content\/uploads\/2022\/12\/Image-3-Nuevos-remedios-scaled-1-768x962.jpg 768w, https:\/\/aihcahomeopatia.com\/wp-content\/uploads\/2022\/12\/Image-3-Nuevos-remedios-scaled-1-1226x1536.jpg 1226w, https:\/\/aihcahomeopatia.com\/wp-content\/uploads\/2022\/12\/Image-3-Nuevos-remedios-scaled-1-1635x2048.jpg 1635w, https:\/\/aihcahomeopatia.com\/wp-content\/uploads\/2022\/12\/Image-3-Nuevos-remedios-scaled-1-10x12.jpg 10w, https:\/\/aihcahomeopatia.com\/wp-content\/uploads\/2022\/12\/Image-3-Nuevos-remedios-scaled-1-40x50.jpg 40w\" sizes=\"(max-width: 2044px) 100vw, 2044px\" \/><\/a><div class=\"premium-woo-qv-btn premium-woo-qv-btn-translate\" data-product-id=\"13048\">Quick View<i class=\"premium-woo-qv-icon fa fa-eye\" aria-hidden=\"true\"><\/i><\/div><\/div><div class=\"premium-woo-products-details-wrap\"><a href=\"https:\/\/aihcahomeopatia.com\/en\/product\/nuevos-remedios-101k-2\/\" class=\"premium-woo-product__link\"><h2 class=\"woocommerce-loop-product__title\">Nuevos Remedios 101k<\/h2><\/a>\n\t<span class=\"price\"><span class=\"woocs_price_code woocs_preloader_ajax\" data-currency=\"\" data-redraw-id=\"69f62e0735326\"  data-product-id=\"13048\"><span class=\"woocommerce-Price-amount amount\"><bdi><span class=\"woocommerce-Price-currencySymbol\">&#36;<\/span>&nbsp;4,000<\/bdi><\/span> (<span class=\"woocs_price_code\">MXN<\/span>)<\/span><\/span>\n<div class=\"premium-woo-atc-button\" ><a href=\"\/en\/wp-json\/wp\/v2\/pages\/8459?add-to-cart=13048\" aria-describedby=\"woocommerce_loop_add_to_cart_link_describedby_13048\" data-quantity=\"1\" class=\"button product_type_simple add_to_cart_button ajax_add_to_cart\" data-product_id=\"13048\" data-product_sku=\"\" aria-label=\"Add to cart: \u201cNuevos Remedios 101k\u201d\" rel=\"nofollow\" data-success_message=\"\u201cNuevos Remedios 101k\u201d has been added to your cart\" role=\"button\" data-no-translation-aria-label=\"\" data-no-translation-data-success_message=\"\">Add to Cart<\/a>\t<span id=\"woocommerce_loop_add_to_cart_link_describedby_13048\" class=\"screen-reader-text\">\n\t\t\t<\/span>\n<\/div><\/div>\t<\/div>\n<\/li>\n\n<li class=\"post-13046 product  instock shipping-taxable purchasable product-type-simple\">\n\t<div class=\"premium-woo-product-wrapper premium-con-lq__none\">\n\t\t<div class=\"premium-woo-product-thumbnail\"><a href=\"https:\/\/aihcahomeopatia.com\/en\/product\/semipolicrestos-101k-2\/\" class=\"woocommerce-LoopProduct-link woocommerce-loop-product__link\"><img decoding=\"async\" src=\"https:\/\/aihcahomeopatia.com\/wp-content\/uploads\/2022\/12\/Semipolicrestos.jpg\" alt=\"\"><img decoding=\"async\" width=\"2178\" height=\"2560\" src=\"https:\/\/aihcahomeopatia.com\/wp-content\/uploads\/2022\/12\/SP2-scaled-2.jpg\" class=\"premium-woo-product__on_hover\" alt=\"\" srcset=\"https:\/\/aihcahomeopatia.com\/wp-content\/uploads\/2022\/12\/SP2-scaled-2.jpg 2178w, https:\/\/aihcahomeopatia.com\/wp-content\/uploads\/2022\/12\/SP2-scaled-2-300x353.jpg 300w, https:\/\/aihcahomeopatia.com\/wp-content\/uploads\/2022\/12\/SP2-scaled-2-600x705.jpg 600w, https:\/\/aihcahomeopatia.com\/wp-content\/uploads\/2022\/12\/SP2-scaled-2-255x300.jpg 255w, https:\/\/aihcahomeopatia.com\/wp-content\/uploads\/2022\/12\/SP2-scaled-2-871x1024.jpg 871w, https:\/\/aihcahomeopatia.com\/wp-content\/uploads\/2022\/12\/SP2-scaled-2-768x903.jpg 768w, https:\/\/aihcahomeopatia.com\/wp-content\/uploads\/2022\/12\/SP2-scaled-2-1307x1536.jpg 1307w, https:\/\/aihcahomeopatia.com\/wp-content\/uploads\/2022\/12\/SP2-scaled-2-1742x2048.jpg 1742w, https:\/\/aihcahomeopatia.com\/wp-content\/uploads\/2022\/12\/SP2-scaled-2-10x12.jpg 10w, https:\/\/aihcahomeopatia.com\/wp-content\/uploads\/2022\/12\/SP2-scaled-2-43x50.jpg 43w\" sizes=\"(max-width: 2178px) 100vw, 2178px\" \/><\/a><div class=\"premium-woo-qv-btn premium-woo-qv-btn-translate\" data-product-id=\"13046\">Quick View<i class=\"premium-woo-qv-icon fa fa-eye\" aria-hidden=\"true\"><\/i><\/div><\/div><div class=\"premium-woo-products-details-wrap\"><a href=\"https:\/\/aihcahomeopatia.com\/en\/product\/semipolicrestos-101k-2\/\" class=\"premium-woo-product__link\"><h2 class=\"woocommerce-loop-product__title\">Semipolicrestos 101k<\/h2><\/a>\n\t<span class=\"price\"><span class=\"woocs_price_code woocs_preloader_ajax\" data-currency=\"\" data-redraw-id=\"69f62e0735dbd\"  data-product-id=\"13046\"><span class=\"woocommerce-Price-amount amount\"><bdi><span class=\"woocommerce-Price-currencySymbol\">&#36;<\/span>&nbsp;3,600<\/bdi><\/span> (<span class=\"woocs_price_code\">MXN<\/span>)<\/span><\/span>\n<div class=\"premium-woo-atc-button\" ><a href=\"\/en\/wp-json\/wp\/v2\/pages\/8459?add-to-cart=13046\" aria-describedby=\"woocommerce_loop_add_to_cart_link_describedby_13046\" data-quantity=\"1\" class=\"button product_type_simple add_to_cart_button ajax_add_to_cart\" data-product_id=\"13046\" data-product_sku=\"\" aria-label=\"Add to cart: \u201cSemipolicrestos 101k\u201d\" rel=\"nofollow\" data-success_message=\"\u201cSemipolicrestos 101k\u201d has been added to your cart\" role=\"button\" data-no-translation-aria-label=\"\" data-no-translation-data-success_message=\"\">Add to Cart<\/a>\t<span id=\"woocommerce_loop_add_to_cart_link_describedby_13046\" class=\"screen-reader-text\">\n\t\t\t<\/span>\n<\/div><\/div>\t<\/div>\n<\/li>\n\n<li class=\"post-13047 product  instock shipping-taxable purchasable product-type-simple\">\n\t<div class=\"premium-woo-product-wrapper premium-con-lq__none\">\n\t\t<div class=\"premium-woo-product-thumbnail\"><a href=\"https:\/\/aihcahomeopatia.com\/en\/product\/policrestos-101k-2\/\" class=\"woocommerce-LoopProduct-link woocommerce-loop-product__link\"><img decoding=\"async\" src=\"https:\/\/aihcahomeopatia.com\/wp-content\/uploads\/2022\/12\/Policrestos3.jpg\" alt=\"\"><img decoding=\"async\" width=\"2160\" height=\"2560\" src=\"https:\/\/aihcahomeopatia.com\/wp-content\/uploads\/2022\/12\/PL2-scaled-1.jpg\" class=\"premium-woo-product__on_hover\" alt=\"\" srcset=\"https:\/\/aihcahomeopatia.com\/wp-content\/uploads\/2022\/12\/PL2-scaled-1.jpg 2160w, https:\/\/aihcahomeopatia.com\/wp-content\/uploads\/2022\/12\/PL2-scaled-1-300x356.jpg 300w, https:\/\/aihcahomeopatia.com\/wp-content\/uploads\/2022\/12\/PL2-scaled-1-600x711.jpg 600w, https:\/\/aihcahomeopatia.com\/wp-content\/uploads\/2022\/12\/PL2-scaled-1-253x300.jpg 253w, https:\/\/aihcahomeopatia.com\/wp-content\/uploads\/2022\/12\/PL2-scaled-1-864x1024.jpg 864w, https:\/\/aihcahomeopatia.com\/wp-content\/uploads\/2022\/12\/PL2-scaled-1-768x910.jpg 768w, https:\/\/aihcahomeopatia.com\/wp-content\/uploads\/2022\/12\/PL2-scaled-1-1296x1536.jpg 1296w, https:\/\/aihcahomeopatia.com\/wp-content\/uploads\/2022\/12\/PL2-scaled-1-1728x2048.jpg 1728w, https:\/\/aihcahomeopatia.com\/wp-content\/uploads\/2022\/12\/PL2-scaled-1-10x12.jpg 10w, https:\/\/aihcahomeopatia.com\/wp-content\/uploads\/2022\/12\/PL2-scaled-1-42x50.jpg 42w\" sizes=\"(max-width: 2160px) 100vw, 2160px\" \/><\/a><div class=\"premium-woo-qv-btn premium-woo-qv-btn-translate\" data-product-id=\"13047\">Quick View<i class=\"premium-woo-qv-icon fa fa-eye\" aria-hidden=\"true\"><\/i><\/div><\/div><div class=\"premium-woo-products-details-wrap\"><a href=\"https:\/\/aihcahomeopatia.com\/en\/product\/policrestos-101k-2\/\" class=\"premium-woo-product__link\"><h2 class=\"woocommerce-loop-product__title\">Policrestos 101k<\/h2><\/a>\n\t<span class=\"price\"><span class=\"woocs_price_code woocs_preloader_ajax\" data-currency=\"\" data-redraw-id=\"69f62e0736757\"  data-product-id=\"13047\"><span class=\"woocommerce-Price-amount amount\"><bdi><span class=\"woocommerce-Price-currencySymbol\">&#36;<\/span>&nbsp;2,500<\/bdi><\/span> (<span class=\"woocs_price_code\">MXN<\/span>)<\/span><\/span>\n<div class=\"premium-woo-atc-button\" ><a href=\"\/en\/wp-json\/wp\/v2\/pages\/8459?add-to-cart=13047\" aria-describedby=\"woocommerce_loop_add_to_cart_link_describedby_13047\" data-quantity=\"1\" class=\"button product_type_simple add_to_cart_button ajax_add_to_cart\" data-product_id=\"13047\" data-product_sku=\"\" aria-label=\"Add to cart: \u201cPolicrestos 101k\u201d\" rel=\"nofollow\" data-success_message=\"\u201cPolicrestos 101k\u201d has been added to your cart\" role=\"button\" data-no-translation-aria-label=\"\" data-no-translation-data-success_message=\"\">Add to Cart<\/a>\t<span id=\"woocommerce_loop_add_to_cart_link_describedby_13047\" class=\"screen-reader-text\">\n\t\t\t<\/span>\n<\/div><\/div>\t<\/div>\n<\/li>\n\n<li class=\"post-13045 product last instock shipping-taxable purchasable product-type-simple\">\n\t<div class=\"premium-woo-product-wrapper premium-con-lq__none\">\n\t\t<div class=\"premium-woo-product-thumbnail\"><a href=\"https:\/\/aihcahomeopatia.com\/en\/product\/remedios-homeopaticos-101k-2\/\" class=\"woocommerce-LoopProduct-link woocommerce-loop-product__link\"><img decoding=\"async\" src=\"https:\/\/aihcahomeopatia.com\/wp-content\/uploads\/2022\/12\/Remedios-homeopaticos2.jpg\" alt=\"\"><img loading=\"lazy\" decoding=\"async\" width=\"2007\" height=\"2560\" src=\"https:\/\/aihcahomeopatia.com\/wp-content\/uploads\/2022\/12\/RH5-scaled-1.jpg\" class=\"premium-woo-product__on_hover\" alt=\"\" srcset=\"https:\/\/aihcahomeopatia.com\/wp-content\/uploads\/2022\/12\/RH5-scaled-1.jpg 2007w, https:\/\/aihcahomeopatia.com\/wp-content\/uploads\/2022\/12\/RH5-scaled-1-300x383.jpg 300w, https:\/\/aihcahomeopatia.com\/wp-content\/uploads\/2022\/12\/RH5-scaled-1-600x765.jpg 600w, https:\/\/aihcahomeopatia.com\/wp-content\/uploads\/2022\/12\/RH5-scaled-1-235x300.jpg 235w, https:\/\/aihcahomeopatia.com\/wp-content\/uploads\/2022\/12\/RH5-scaled-1-803x1024.jpg 803w, https:\/\/aihcahomeopatia.com\/wp-content\/uploads\/2022\/12\/RH5-scaled-1-768x980.jpg 768w, https:\/\/aihcahomeopatia.com\/wp-content\/uploads\/2022\/12\/RH5-scaled-1-1204x1536.jpg 1204w, https:\/\/aihcahomeopatia.com\/wp-content\/uploads\/2022\/12\/RH5-scaled-1-1606x2048.jpg 1606w, https:\/\/aihcahomeopatia.com\/wp-content\/uploads\/2022\/12\/RH5-scaled-1-9x12.jpg 9w, https:\/\/aihcahomeopatia.com\/wp-content\/uploads\/2022\/12\/RH5-scaled-1-39x50.jpg 39w\" sizes=\"(max-width: 2007px) 100vw, 2007px\" \/><\/a><div class=\"premium-woo-qv-btn premium-woo-qv-btn-translate\" data-product-id=\"13045\">Quick View<i class=\"premium-woo-qv-icon fa fa-eye\" aria-hidden=\"true\"><\/i><\/div><\/div><div class=\"premium-woo-products-details-wrap\"><a href=\"https:\/\/aihcahomeopatia.com\/en\/product\/remedios-homeopaticos-101k-2\/\" class=\"premium-woo-product__link\"><h2 class=\"woocommerce-loop-product__title\">Remedios Homeop\u00e1ticos 101k<\/h2><\/a>\n\t<span class=\"price\"><span class=\"woocs_price_code woocs_preloader_ajax\" data-currency=\"\" data-redraw-id=\"69f62e0737100\"  data-product-id=\"13045\"><span class=\"woocommerce-Price-amount amount\"><bdi><span class=\"woocommerce-Price-currencySymbol\">&#36;<\/span>&nbsp;3,600<\/bdi><\/span> (<span class=\"woocs_price_code\">MXN<\/span>)<\/span><\/span>\n<div class=\"premium-woo-atc-button\" ><a href=\"\/en\/wp-json\/wp\/v2\/pages\/8459?add-to-cart=13045\" aria-describedby=\"woocommerce_loop_add_to_cart_link_describedby_13045\" data-quantity=\"1\" class=\"button product_type_simple add_to_cart_button ajax_add_to_cart\" data-product_id=\"13045\" data-product_sku=\"\" aria-label=\"Add to cart: \u201cRemedios Homeop\u00e1ticos 101k\u201d\" rel=\"nofollow\" data-success_message=\"\u201cRemedios Homeop\u00e1ticos 101k\u201d has been added to your cart\" role=\"button\" data-no-translation-aria-label=\"\" data-no-translation-data-success_message=\"\">Add to Cart<\/a>\t<span id=\"woocommerce_loop_add_to_cart_link_describedby_13045\" class=\"screen-reader-text\">\n\t\t\t<\/span>\n<\/div><\/div>\t<\/div>\n<\/li>\n\n<li class=\"post-13044 product first instock shipping-taxable purchasable product-type-simple\">\n\t<div class=\"premium-woo-product-wrapper premium-con-lq__none\">\n\t\t<div class=\"premium-woo-product-thumbnail\"><a href=\"https:\/\/aihcahomeopatia.com\/en\/product\/botiquin-homeopatico-101k\/\" class=\"woocommerce-LoopProduct-link woocommerce-loop-product__link\"><img decoding=\"async\" src=\"https:\/\/aihcahomeopatia.com\/wp-content\/uploads\/2023\/03\/Exports-Botiquin-Homeopatico-4-scaled.jpg\" alt=\"\"><img loading=\"lazy\" decoding=\"async\" width=\"649\" height=\"787\" src=\"https:\/\/aihcahomeopatia.com\/wp-content\/uploads\/2023\/03\/Screenshot_5.jpg\" class=\"premium-woo-product__on_hover\" alt=\"\" srcset=\"https:\/\/aihcahomeopatia.com\/wp-content\/uploads\/2023\/03\/Screenshot_5.jpg 649w, https:\/\/aihcahomeopatia.com\/wp-content\/uploads\/2023\/03\/Screenshot_5-300x364.jpg 300w, https:\/\/aihcahomeopatia.com\/wp-content\/uploads\/2023\/03\/Screenshot_5-600x728.jpg 600w, https:\/\/aihcahomeopatia.com\/wp-content\/uploads\/2023\/03\/Screenshot_5-247x300.jpg 247w, https:\/\/aihcahomeopatia.com\/wp-content\/uploads\/2023\/03\/Screenshot_5-10x12.jpg 10w, https:\/\/aihcahomeopatia.com\/wp-content\/uploads\/2023\/03\/Screenshot_5-41x50.jpg 41w\" sizes=\"(max-width: 649px) 100vw, 649px\" \/><\/a><div class=\"premium-woo-qv-btn premium-woo-qv-btn-translate\" data-product-id=\"13044\">Quick View<i class=\"premium-woo-qv-icon fa fa-eye\" aria-hidden=\"true\"><\/i><\/div><\/div><div class=\"premium-woo-products-details-wrap\"><a href=\"https:\/\/aihcahomeopatia.com\/en\/product\/botiquin-homeopatico-101k\/\" class=\"premium-woo-product__link\"><h2 class=\"woocommerce-loop-product__title\">Botiqu\u00edn Homeop\u00e1tico 101k<\/h2><\/a>\n\t<span class=\"price\"><span class=\"woocs_price_code woocs_preloader_ajax\" data-currency=\"\" data-redraw-id=\"69f62e0737a93\"  data-product-id=\"13044\"><span class=\"woocommerce-Price-amount amount\"><bdi><span class=\"woocommerce-Price-currencySymbol\">&#36;<\/span>&nbsp;2,500<\/bdi><\/span> (<span class=\"woocs_price_code\">MXN<\/span>)<\/span><\/span>\n<div class=\"premium-woo-atc-button\" ><a href=\"\/en\/wp-json\/wp\/v2\/pages\/8459?add-to-cart=13044\" aria-describedby=\"woocommerce_loop_add_to_cart_link_describedby_13044\" data-quantity=\"1\" class=\"button product_type_simple add_to_cart_button ajax_add_to_cart\" data-product_id=\"13044\" data-product_sku=\"\" aria-label=\"Add to cart: \u201cBotiqu\u00edn Homeop\u00e1tico 101k\u201d\" rel=\"nofollow\" data-success_message=\"\u201cBotiqu\u00edn Homeop\u00e1tico 101k\u201d has been added to your cart\" role=\"button\" data-no-translation-aria-label=\"\" data-no-translation-data-success_message=\"\">Add to Cart<\/a>\t<span id=\"woocommerce_loop_add_to_cart_link_describedby_13044\" class=\"screen-reader-text\">\n\t\t\t<\/span>\n<\/div><\/div>\t<\/div>\n<\/li>\n\n<li class=\"post-13043 product  instock sale shipping-taxable purchasable product-type-simple\">\n\t<div class=\"premium-woo-product-wrapper premium-con-lq__none\">\n\t\t<div class=\"premium-woo-product-thumbnail\"><div class=\"premium-woo-ribbon-container\">\t<div class=\"premium-woo-product-sale-wrap\">\r\n\t\t<span class=\"premium-woo-product-onsale\">Sale! <\/span>\r\n\t<\/div>\r\n\t<\/div><a href=\"https:\/\/aihcahomeopatia.com\/en\/product\/kit-todos-los-remedios-101k\/\" class=\"woocommerce-LoopProduct-link woocommerce-loop-product__link\"><img decoding=\"async\" src=\"https:\/\/aihcahomeopatia.com\/wp-content\/uploads\/2022\/12\/Kit-todos-los-remedios.jpg\" alt=\"\"><img loading=\"lazy\" decoding=\"async\" width=\"2560\" height=\"1765\" src=\"https:\/\/aihcahomeopatia.com\/wp-content\/uploads\/2022\/12\/KIT2-scaled-1.jpg\" class=\"premium-woo-product__on_hover\" alt=\"\" srcset=\"https:\/\/aihcahomeopatia.com\/wp-content\/uploads\/2022\/12\/KIT2-scaled-1.jpg 2560w, https:\/\/aihcahomeopatia.com\/wp-content\/uploads\/2022\/12\/KIT2-scaled-1-300x207.jpg 300w, https:\/\/aihcahomeopatia.com\/wp-content\/uploads\/2022\/12\/KIT2-scaled-1-600x414.jpg 600w, https:\/\/aihcahomeopatia.com\/wp-content\/uploads\/2022\/12\/KIT2-scaled-1-1024x706.jpg 1024w, https:\/\/aihcahomeopatia.com\/wp-content\/uploads\/2022\/12\/KIT2-scaled-1-768x530.jpg 768w, https:\/\/aihcahomeopatia.com\/wp-content\/uploads\/2022\/12\/KIT2-scaled-1-1536x1059.jpg 1536w, https:\/\/aihcahomeopatia.com\/wp-content\/uploads\/2022\/12\/KIT2-scaled-1-2048x1412.jpg 2048w, https:\/\/aihcahomeopatia.com\/wp-content\/uploads\/2022\/12\/KIT2-scaled-1-18x12.jpg 18w, https:\/\/aihcahomeopatia.com\/wp-content\/uploads\/2022\/12\/KIT2-scaled-1-73x50.jpg 73w\" sizes=\"(max-width: 2560px) 100vw, 2560px\" \/><\/a><div class=\"premium-woo-qv-btn premium-woo-qv-btn-translate\" data-product-id=\"13043\">Quick View<i class=\"premium-woo-qv-icon fa fa-eye\" aria-hidden=\"true\"><\/i><\/div><\/div><div class=\"premium-woo-products-details-wrap\"><a href=\"https:\/\/aihcahomeopatia.com\/en\/product\/kit-todos-los-remedios-101k\/\" class=\"premium-woo-product__link\"><h2 class=\"woocommerce-loop-product__title\">Kit todos los remedios 101k<\/h2><\/a>\n\t<span class=\"price\"><span class=\"woocs_price_code woocs_preloader_ajax\" data-currency=\"\" data-redraw-id=\"69f62e073853e\"  data-product-id=\"13043\"><del aria-hidden=\"true\"><span class=\"woocommerce-Price-amount amount\"><bdi><span class=\"woocommerce-Price-currencySymbol\">&#36;<\/span>&nbsp;14,700<\/bdi><\/span><\/del> <span class=\"screen-reader-text\" data-no-translation=\"\" data-trp-gettext=\"\">Original price was: &#036;&nbsp;14,700.<\/span><ins aria-hidden=\"true\"><span class=\"woocommerce-Price-amount amount\"><bdi><span class=\"woocommerce-Price-currencySymbol\">&#36;<\/span>&nbsp;13,700<\/bdi><\/span><\/ins><span class=\"screen-reader-text\" data-no-translation=\"\" data-trp-gettext=\"\">Current price is: &#036;&nbsp;13,700.<\/span> (<span class=\"woocs_price_code\">MXN<\/span>)<\/span><\/span>\n<div class=\"premium-woo-atc-button\" ><a href=\"\/en\/wp-json\/wp\/v2\/pages\/8459?add-to-cart=13043\" aria-describedby=\"woocommerce_loop_add_to_cart_link_describedby_13043\" data-quantity=\"1\" class=\"button product_type_simple add_to_cart_button ajax_add_to_cart\" data-product_id=\"13043\" data-product_sku=\"\" aria-label=\"Add to cart: \u201cKit todos los remedios 101k\u201d\" rel=\"nofollow\" data-success_message=\"\u201cKit todos los remedios 101k\u201d has been added to your cart\" role=\"button\" data-no-translation-aria-label=\"\" data-no-translation-data-success_message=\"\">Add to Cart<\/a>\t<span id=\"woocommerce_loop_add_to_cart_link_describedby_13043\" class=\"screen-reader-text\">\n\t\t\t<\/span>\n<\/div><\/div>\t<\/div>\n<\/li>\n<\/ul>\n<\/div><\/div><div id=\"premium-woo-quick-view-18e7fd7\" class=\"premium-woo-quick-view-18e7fd7\">\r\n\t<div class=\"premium-woo-quick-view-back\">\r\n\t\t<div class=\"premium-woo-quick-view-loader\"><\/div>\r\n\t<\/div>\r\n\t<div id=\"premium-woo-quick-view-modal\">\r\n\t\t<div class=\"premium-woo-content-main-wrapper\"><!--\r\n\t\t--><div class=\"premium-woo-content-main\">\r\n\t\t\t\t<div class=\"premium-woo-lightbox-content\">\r\n\r\n\t\t\t\t\t<a href=\"#\" class=\"premium-woo-quick-view-close fa fa-window-close\"><\/a>\r\n\r\n\t\t\t\t\t<div id=\"premium-woo-quick-view-content\" class=\"woocommerce single-product\"><\/div>\r\n\t\t\t\t<\/div>\r\n\t\t\t<\/div>\r\n\t\t<\/div>\r\n\t<\/div>\r\n<\/div>\r\n\t\t\t\t<\/div>\n\t\t\t\t<\/div>\n\t\t\t\t\t<\/div>\n\t\t<\/div>\n\t\t\t\t\t<\/div>\n\t\t<\/section>\n\t\t\t\t<\/div>","protected":false},"excerpt":{"rendered":"<p>Desarrollados por el Dr. Jorge Carlos Barbosa, estos remedios homeop\u00e1ticos a la potencia 101k se adaptan de forma flexible de acuerdo a la condici\u00f3n del paciente, ofreciendo una opci\u00f3n eficaz y segura para restablecer la salud. Quick View Kit todos los remedios 101k &#36;&nbsp;9,560 Add<\/p>","protected":false},"author":1,"featured_media":0,"parent":0,"menu_order":0,"comment_status":"closed","ping_status":"closed","template":"elementor_header_footer","meta":{"footnotes":""},"class_list":["post-8459","page","type-page","status-publish","hentry"],"_links":{"self":[{"href":"https:\/\/aihcahomeopatia.com\/en\/wp-json\/wp\/v2\/pages\/8459","targetHints":{"allow":["GET"]}}],"collection":[{"href":"https:\/\/aihcahomeopatia.com\/en\/wp-json\/wp\/v2\/pages"}],"about":[{"href":"https:\/\/aihcahomeopatia.com\/en\/wp-json\/wp\/v2\/types\/page"}],"author":[{"embeddable":true,"href":"https:\/\/aihcahomeopatia.com\/en\/wp-json\/wp\/v2\/users\/1"}],"replies":[{"embeddable":true,"href":"https:\/\/aihcahomeopatia.com\/en\/wp-json\/wp\/v2\/comments?post=8459"}],"version-history":[{"count":29,"href":"https:\/\/aihcahomeopatia.com\/en\/wp-json\/wp\/v2\/pages\/8459\/revisions"}],"predecessor-version":[{"id":11514,"href":"https:\/\/aihcahomeopatia.com\/en\/wp-json\/wp\/v2\/pages\/8459\/revisions\/11514"}],"wp:attachment":[{"href":"https:\/\/aihcahomeopatia.com\/en\/wp-json\/wp\/v2\/media?parent=8459"}],"curies":[{"name":"wp","href":"https:\/\/api.w.org\/{rel}","templated":true}]}}