{"id":9010,"date":"2022-12-19T14:50:53","date_gmt":"2022-12-19T14:50:53","guid":{"rendered":"https:\/\/aihcahomeopatia.com\/?page_id=9010"},"modified":"2023-01-25T06:05:27","modified_gmt":"2023-01-25T06:05:27","slug":"trastornos-neurologicos-por-traumatismo-craneoencefalico","status":"publish","type":"page","link":"https:\/\/aihcahomeopatia.com\/en\/trastornos-neurologicos-por-traumatismo-craneoencefalico\/","title":{"rendered":"Trastornos neurol\u00f3gicos por Traumatismo craneoencef\u00e1lico"},"content":{"rendered":"<div data-elementor-type=\"wp-page\" data-elementor-id=\"9010\" class=\"elementor elementor-9010\" data-elementor-settings=\"{&quot;ha_cmc_init_switcher&quot;:&quot;no&quot;}\">\n\t\t\t\t\t\t<section class=\"elementor-section elementor-top-section elementor-element elementor-element-4f030b1 elementor-section-boxed elementor-section-height-default elementor-section-height-default wpr-particle-no wpr-jarallax-no wpr-parallax-no wpr-sticky-section-no\" data-id=\"4f030b1\" data-element_type=\"section\" data-settings=\"{&quot;_ha_eqh_enable&quot;:false}\">\n\t\t\t\t\t\t<div class=\"elementor-container elementor-column-gap-default\">\n\t\t\t\t\t<div class=\"elementor-column elementor-col-100 elementor-top-column elementor-element elementor-element-6d799eb\" data-id=\"6d799eb\" data-element_type=\"column\">\n\t\t\t<div class=\"elementor-widget-wrap elementor-element-populated\">\n\t\t\t\t\t\t<div class=\"elementor-element elementor-element-f3a44fa elementor-widget elementor-widget-video\" data-id=\"f3a44fa\" data-element_type=\"widget\" data-settings=\"{&quot;youtube_url&quot;:&quot;https:\\\/\\\/youtu.be\\\/c1tfZU40K0s&quot;,&quot;video_type&quot;:&quot;youtube&quot;,&quot;controls&quot;:&quot;yes&quot;}\" data-widget_type=\"video.default\">\n\t\t\t\t<div class=\"elementor-widget-container\">\n\t\t\t\t\t\t\t<div class=\"elementor-wrapper elementor-open-inline\">\n\t\t\t<div class=\"elementor-video\"><\/div>\t\t<\/div>\n\t\t\t\t\t\t<\/div>\n\t\t\t\t<\/div>\n\t\t\t\t<div class=\"elementor-element elementor-element-5a837d8 elementor-widget elementor-widget-text-editor\" data-id=\"5a837d8\" data-element_type=\"widget\" data-widget_type=\"text-editor.default\">\n\t\t\t\t<div class=\"elementor-widget-container\">\n\t\t\t\t\t\t\t\t\t<p>Este caso cl\u00ednico tuvo lugar en La Paz, Bolivia, durante el Seminario de Homeopat\u00eda Cl\u00e1sica impartido por el Dr. Jorge Carlos Barbosa y presenta un caso con trastornos neurol\u00f3gicos como par\u00e1lisis, sordera, entre otros, por Traumatismo Craneoencef\u00e1lico tratado con Neuro-Reconexi\u00f3n.<\/p>\t\t\t\t\t\t\t\t<\/div>\n\t\t\t\t<\/div>\n\t\t\t\t\t<\/div>\n\t\t<\/div>\n\t\t\t\t\t<\/div>\n\t\t<\/section>\n\t\t\t\t<\/div>","protected":false},"excerpt":{"rendered":"<p>Este caso cl\u00ednico tuvo lugar en La Paz, Bolivia, durante el Seminario de Homeopat\u00eda Cl\u00e1sica impartido por el Dr. Jorge Carlos Barbosa y presenta un caso con trastornos neurol\u00f3gicos como par\u00e1lisis, sordera, entre otros, por Traumatismo Craneoencef\u00e1lico tratado con Neuro-Reconexi\u00f3n.<\/p>","protected":false},"author":1,"featured_media":0,"parent":0,"menu_order":0,"comment_status":"closed","ping_status":"closed","template":"","meta":{"footnotes":""},"class_list":["post-9010","page","type-page","status-publish","hentry"],"_links":{"self":[{"href":"https:\/\/aihcahomeopatia.com\/en\/wp-json\/wp\/v2\/pages\/9010","targetHints":{"allow":["GET"]}}],"collection":[{"href":"https:\/\/aihcahomeopatia.com\/en\/wp-json\/wp\/v2\/pages"}],"about":[{"href":"https:\/\/aihcahomeopatia.com\/en\/wp-json\/wp\/v2\/types\/page"}],"author":[{"embeddable":true,"href":"https:\/\/aihcahomeopatia.com\/en\/wp-json\/wp\/v2\/users\/1"}],"replies":[{"embeddable":true,"href":"https:\/\/aihcahomeopatia.com\/en\/wp-json\/wp\/v2\/comments?post=9010"}],"version-history":[{"count":4,"href":"https:\/\/aihcahomeopatia.com\/en\/wp-json\/wp\/v2\/pages\/9010\/revisions"}],"predecessor-version":[{"id":9038,"href":"https:\/\/aihcahomeopatia.com\/en\/wp-json\/wp\/v2\/pages\/9010\/revisions\/9038"}],"wp:attachment":[{"href":"https:\/\/aihcahomeopatia.com\/en\/wp-json\/wp\/v2\/media?parent=9010"}],"curies":[{"name":"wp","href":"https:\/\/api.w.org\/{rel}","templated":true}]}}