{"id":9015,"date":"2022-12-19T14:51:02","date_gmt":"2022-12-19T14:51:02","guid":{"rendered":"https:\/\/aihcahomeopatia.com\/?page_id=9015"},"modified":"2022-12-19T15:01:53","modified_gmt":"2022-12-19T15:01:53","slug":"panhipopituitarismo-y-diabetes-insipida-tratada-con-ph-ac-y-neuro-reconexion","status":"publish","type":"page","link":"https:\/\/aihcahomeopatia.com\/en\/panhipopituitarismo-y-diabetes-insipida-tratada-con-ph-ac-y-neuro-reconexion\/","title":{"rendered":"Panhipopituitarismo y diabetes ins\u00edpida tratada con PH-AC y Neuro-Reconexi\u00f3n"},"content":{"rendered":"<div data-elementor-type=\"wp-page\" data-elementor-id=\"9015\" class=\"elementor elementor-9015\" data-elementor-settings=\"{&quot;ha_cmc_init_switcher&quot;:&quot;no&quot;}\">\n\t\t\t\t\t\t<section class=\"elementor-section elementor-top-section elementor-element elementor-element-3a2d885 elementor-section-boxed elementor-section-height-default elementor-section-height-default wpr-particle-no wpr-jarallax-no wpr-parallax-no wpr-sticky-section-no\" data-id=\"3a2d885\" data-element_type=\"section\" data-settings=\"{&quot;_ha_eqh_enable&quot;:false}\">\n\t\t\t\t\t\t<div class=\"elementor-container elementor-column-gap-default\">\n\t\t\t\t\t<div class=\"elementor-column elementor-col-100 elementor-top-column elementor-element elementor-element-e6b43b2\" data-id=\"e6b43b2\" data-element_type=\"column\">\n\t\t\t<div class=\"elementor-widget-wrap elementor-element-populated\">\n\t\t\t\t\t\t<div class=\"elementor-element elementor-element-2626e9f elementor-widget elementor-widget-video\" data-id=\"2626e9f\" data-element_type=\"widget\" data-settings=\"{&quot;youtube_url&quot;:&quot;https:\\\/\\\/youtu.be\\\/uo7gJVw9sdA&quot;,&quot;video_type&quot;:&quot;youtube&quot;,&quot;controls&quot;:&quot;yes&quot;}\" data-widget_type=\"video.default\">\n\t\t\t\t<div class=\"elementor-widget-container\">\n\t\t\t\t\t\t\t<div class=\"elementor-wrapper elementor-open-inline\">\n\t\t\t<div class=\"elementor-video\"><\/div>\t\t<\/div>\n\t\t\t\t\t\t<\/div>\n\t\t\t\t<\/div>\n\t\t\t\t<div class=\"elementor-element elementor-element-0c2a039 elementor-widget elementor-widget-text-editor\" data-id=\"0c2a039\" data-element_type=\"widget\" data-widget_type=\"text-editor.default\">\n\t\t\t\t<div class=\"elementor-widget-container\">\n\t\t\t\t\t\t\t\t\t<p>Este caso cl\u00ednico tuvo lugar en Guadalajara, M\u00e9xico, durante el Seminario de Homeopat\u00eda Cl\u00e1sica impartido por el Dr. Jorge Carlos Barbosa y presenta un caso de Panhipopituitarismo y diabetes ins\u00edpida secundario a macroadenoma hipofisario con destrucci\u00f3n total de hip\u00f3fisis y neurohip\u00f3fisis consecuencia de 12 cirug\u00edas cerebrales, entre ellas, transesfenoidales y por b\u00f3veda craneana con radiaciones a regi\u00f3n hipofisiaria.<\/p>\t\t\t\t\t\t\t\t<\/div>\n\t\t\t\t<\/div>\n\t\t\t\t\t<\/div>\n\t\t<\/div>\n\t\t\t\t\t<\/div>\n\t\t<\/section>\n\t\t\t\t<\/div>","protected":false},"excerpt":{"rendered":"<p>https:\/\/youtu.be\/uo7gJVw9sdA Este caso cl\u00ednico tuvo lugar en Guadalajara, M\u00e9xico, durante el Seminario de Homeopat\u00eda Cl\u00e1sica impartido por el Dr. Jorge Carlos Barbosa y presenta un caso de Panhipopituitarismo y diabetes ins\u00edpida secundario a macroadenoma hipofisario con destrucci\u00f3n total de hip\u00f3fisis y neurohip\u00f3fisis consecuencia de 12<\/p>","protected":false},"author":1,"featured_media":0,"parent":0,"menu_order":0,"comment_status":"closed","ping_status":"closed","template":"","meta":{"footnotes":""},"class_list":["post-9015","page","type-page","status-publish","hentry"],"_links":{"self":[{"href":"https:\/\/aihcahomeopatia.com\/en\/wp-json\/wp\/v2\/pages\/9015","targetHints":{"allow":["GET"]}}],"collection":[{"href":"https:\/\/aihcahomeopatia.com\/en\/wp-json\/wp\/v2\/pages"}],"about":[{"href":"https:\/\/aihcahomeopatia.com\/en\/wp-json\/wp\/v2\/types\/page"}],"author":[{"embeddable":true,"href":"https:\/\/aihcahomeopatia.com\/en\/wp-json\/wp\/v2\/users\/1"}],"replies":[{"embeddable":true,"href":"https:\/\/aihcahomeopatia.com\/en\/wp-json\/wp\/v2\/comments?post=9015"}],"version-history":[{"count":8,"href":"https:\/\/aihcahomeopatia.com\/en\/wp-json\/wp\/v2\/pages\/9015\/revisions"}],"predecessor-version":[{"id":9057,"href":"https:\/\/aihcahomeopatia.com\/en\/wp-json\/wp\/v2\/pages\/9015\/revisions\/9057"}],"wp:attachment":[{"href":"https:\/\/aihcahomeopatia.com\/en\/wp-json\/wp\/v2\/media?parent=9015"}],"curies":[{"name":"wp","href":"https:\/\/api.w.org\/{rel}","templated":true}]}}