{"id":9296,"date":"2022-12-21T05:24:57","date_gmt":"2022-12-21T05:24:57","guid":{"rendered":"https:\/\/aihcahomeopatia.com\/?page_id=9296"},"modified":"2023-03-30T03:51:53","modified_gmt":"2023-03-30T03:51:53","slug":"std-login","status":"publish","type":"page","link":"https:\/\/aihcahomeopatia.com\/en\/std-login\/","title":{"rendered":"ingresar"},"content":{"rendered":"<div data-elementor-type=\"wp-page\" data-elementor-id=\"9296\" class=\"elementor elementor-9296\" data-elementor-settings=\"{&quot;ha_cmc_init_switcher&quot;:&quot;no&quot;}\">\n\t\t\t\t\t\t<section class=\"elementor-section elementor-top-section elementor-element elementor-element-8ec8535 elementor-section-boxed elementor-section-height-default elementor-section-height-default wpr-particle-no wpr-jarallax-no wpr-parallax-no wpr-sticky-section-no\" data-id=\"8ec8535\" data-element_type=\"section\" data-settings=\"{&quot;background_background&quot;:&quot;classic&quot;,&quot;_ha_eqh_enable&quot;:false}\">\n\t\t\t\t\t\t\t<div class=\"elementor-background-overlay\"><\/div>\n\t\t\t\t\t\t\t<div class=\"elementor-container elementor-column-gap-default\">\n\t\t\t\t\t<div class=\"elementor-column elementor-col-100 elementor-top-column elementor-element elementor-element-db0af56\" data-id=\"db0af56\" data-element_type=\"column\">\n\t\t\t<div class=\"elementor-widget-wrap elementor-element-populated\">\n\t\t\t\t\t\t<section class=\"elementor-section elementor-inner-section elementor-element elementor-element-e6776ee elementor-section-boxed elementor-section-height-default elementor-section-height-default wpr-particle-no wpr-jarallax-no wpr-parallax-no wpr-sticky-section-no\" data-id=\"e6776ee\" data-element_type=\"section\" data-settings=\"{&quot;_ha_eqh_enable&quot;:false}\">\n\t\t\t\t\t\t<div class=\"elementor-container elementor-column-gap-default\">\n\t\t\t\t\t<div class=\"elementor-column elementor-col-50 elementor-inner-column elementor-element elementor-element-3e11110\" data-id=\"3e11110\" data-element_type=\"column\" data-settings=\"{&quot;background_background&quot;:&quot;classic&quot;}\">\n\t\t\t<div class=\"elementor-widget-wrap elementor-element-populated\">\n\t\t\t\t\t<div class=\"elementor-background-overlay\"><\/div>\n\t\t\t\t\t\t<div class=\"elementor-element elementor-element-4239ac8 elementor-widget elementor-widget-image\" data-id=\"4239ac8\" data-element_type=\"widget\" data-widget_type=\"image.default\">\n\t\t\t\t<div class=\"elementor-widget-container\">\n\t\t\t\t\t\t\t\t\t\t\t\t\t\t\t<img decoding=\"async\" width=\"390\" height=\"109\" src=\"https:\/\/aihcahomeopatia.com\/wp-content\/uploads\/2022\/12\/logo-blanco-2.png\" class=\"attachment-large size-large wp-image-9479\" alt=\"\" srcset=\"https:\/\/aihcahomeopatia.com\/wp-content\/uploads\/2022\/12\/logo-blanco-2.png.webp 390w, https:\/\/aihcahomeopatia.com\/wp-content\/uploads\/2022\/12\/logo-blanco-2-300x84.png.webp 300w, https:\/\/aihcahomeopatia.com\/wp-content\/uploads\/2022\/12\/logo-blanco-2-18x5.png.webp 18w, https:\/\/aihcahomeopatia.com\/wp-content\/uploads\/2022\/12\/logo-blanco-2-179x50.png.webp 179w\" sizes=\"(max-width: 390px) 100vw, 390px\" \/>\t\t\t\t\t\t\t\t\t\t\t\t\t\t\t<\/div>\n\t\t\t\t<\/div>\n\t\t\t\t<div class=\"elementor-element elementor-element-5d9b5f51 elementor-widget elementor-widget-heading\" data-id=\"5d9b5f51\" data-element_type=\"widget\" data-settings=\"{&quot;_animation_tablet&quot;:&quot;none&quot;,&quot;_animation_mobile&quot;:&quot;none&quot;}\" data-widget_type=\"heading.default\">\n\t\t\t\t<div class=\"elementor-widget-container\">\n\t\t\t\t\t<h3 class=\"elementor-heading-title elementor-size-default\">BIENVENIDO A AIHCA<\/h3>\t\t\t\t<\/div>\n\t\t\t\t<\/div>\n\t\t\t\t<div class=\"elementor-element elementor-element-58a7a7d7 elementor-widget elementor-widget-text-editor\" data-id=\"58a7a7d7\" data-element_type=\"widget\" data-settings=\"{&quot;_animation_tablet&quot;:&quot;none&quot;,&quot;_animation_mobile&quot;:&quot;none&quot;}\" data-widget_type=\"text-editor.default\">\n\t\t\t\t<div class=\"elementor-widget-container\">\n\t\t\t\t\t\t\t\t\t<p>\u201cLa \u00fanica y m\u00e1s elevada misi\u00f3n del m\u00e9dico es restaurar la salud del enfermo, aquello que se denomina curar\u201d.<\/p><p>&#8211; Samuel Hahnemann.<\/p><p>Sum\u00e9rgete en esta experiencia de aprendizaje como ninguna otra.<\/p>\t\t\t\t\t\t\t\t<\/div>\n\t\t\t\t<\/div>\n\t\t\t\t\t<\/div>\n\t\t<\/div>\n\t\t\t\t<div class=\"elementor-column elementor-col-50 elementor-inner-column elementor-element elementor-element-07544ea\" data-id=\"07544ea\" data-element_type=\"column\" data-settings=\"{&quot;background_background&quot;:&quot;classic&quot;}\">\n\t\t\t<div class=\"elementor-widget-wrap elementor-element-populated\">\n\t\t\t\t\t\t<div class=\"elementor-element elementor-element-7d2e3e6 elementor-widget elementor-widget-heading\" data-id=\"7d2e3e6\" data-element_type=\"widget\" data-settings=\"{&quot;_animation_tablet&quot;:&quot;none&quot;,&quot;_animation_mobile&quot;:&quot;none&quot;}\" data-widget_type=\"heading.default\">\n\t\t\t\t<div class=\"elementor-widget-container\">\n\t\t\t\t\t<h2 class=\"elementor-heading-title elementor-size-default\">INGRESAR A MI CUENTA<\/h2>\t\t\t\t<\/div>\n\t\t\t\t<\/div>\n\t\t\t\t<div class=\"elementor-element elementor-element-02bbff6 elementor-widget elementor-widget-text-editor\" data-id=\"02bbff6\" data-element_type=\"widget\" data-widget_type=\"text-editor.default\">\n\t\t\t\t<div class=\"elementor-widget-container\">\n\t\t\t\t\t\t\t\t\t<div class=\"forminator-ui forminator-custom-form forminator-custom-form-9295 forminator-design--default  forminator_ajax\" data-forminator-render=\"0\" data-form=\"forminator-module-9295\" data-uid=\"69f4fce0de7ce\"><br\/><\/div><form\r\n\t\t\t\tid=\"forminator-module-9295\"\r\n\t\t\t\tclass=\"forminator-ui forminator-custom-form forminator-custom-form-9295 forminator-design--default  forminator_ajax\"\r\n\t\t\t\tmethod=\"post\"\r\n\t\t\t\tdata-forminator-render=\"0\"\r\n\t\t\t\tdata-form-id=\"9295\"\r\n\t\t\t\t data-color-option=\"default\" data-design=\"default\" data-grid=\"open\" style=\"display: none;\"\r\n\t\t\t\tdata-uid=\"69f4fce0de7ce\" action=\"\"\r\n\t\t\t><div role=\"alert\" aria-live=\"polite\" class=\"forminator-response-message forminator-error\" aria-hidden=\"true\"><\/div><div class=\"forminator-row\"><div id=\"html-2\" class=\"forminator-field-html forminator-col forminator-col-12\"><div class=\"forminator-field forminator-merge-tags\" data-field=\"html-2\"><p>\u00bfNo tiene una cuenta todav\u00eda? <a style=\"color: #ffc221 !important\" href=\"https:\/\/aihcahomeopatia.com\/en\/student-registration\/\">Crear mi cuenta <\/a><\/p><\/div><\/div><\/div><div class=\"forminator-row\"><div id=\"text-1\" class=\"forminator-field-text forminator-col forminator-col-12  inputlog\"><div class=\"forminator-field\"><label for=\"forminator-field-text-1_69f4fce0de7ce\" id=\"forminator-field-text-1_69f4fce0de7ce-label\" class=\"forminator-label\">Correo electr\u00f3nico o nombre de usuario <span class=\"forminator-required\">*<\/span><\/label><input type=\"text\" name=\"text-1\" value=\"\" placeholder=\"Ingresar correo electr\u00f3nico o usuario\" id=\"forminator-field-text-1_69f4fce0de7ce\" class=\"forminator-input forminator-name--field\" data-required=\"1\" \/><\/div><\/div><\/div><div class=\"forminator-row\"><div id=\"password-1\" class=\"forminator-field-password forminator-col forminator-col-12  inputlog\"><div class=\"forminator-field\"><label for=\"forminator-field-password-1_69f4fce0de7ce\" id=\"forminator-field-password-1_69f4fce0de7ce-label\" class=\"forminator-label\">Contrase\u00f1a <span class=\"forminator-required\">*<\/span><\/label><input name=\"password-1\" value=\"\" placeholder=\"Ingrese su contrase\u00f1a\" id=\"forminator-field-password-1_69f4fce0de7ce\" class=\"forminator-input forminator-name--field\" data-required=\"true\" type=\"password\" aria-describedby=\"forminator-field-password-1_69f4fce0de7ce-description\" \/><\/div><div class=\"forminator-description forminator-description-password\" id=\"forminator-field-password-1_69f4fce0de7ce-description\"><p><a title=\"Lost Password\" href=\"https:\/\/aihcahomeopatia.com\/wp-login.php?action=lostpassword&amp;redirect_to\" target=\"_blank\" rel=\"noopener\">\u00bfOlvid\u00f3 su contrase\u00f1a?<\/a><\/p><\/div><\/div><\/div><div class=\"forminator-row\"><div id=\"checkbox-1\" class=\"forminator-field-checkbox forminator-col forminator-col-12  remember-me\"><div role=\"group\" class=\"forminator-field\" aria-labelledby=\"forminator-checkbox-group-forminator-field-checkbox-1-69f4fce0de7ce-label\"><label id=\"forminator-field-checkbox-1-1-69f4fce0de7ce-label\" for=\"forminator-field-checkbox-1-1-69f4fce0de7ce\" class=\"forminator-checkbox\" title=\"Mantener sesi\u00f3n abierta\"><input type=\"checkbox\" name=\"checkbox-1[]\" value=\"remember-me\" id=\"forminator-field-checkbox-1-1-69f4fce0de7ce\" aria-labelledby=\"forminator-field-checkbox-1-1-69f4fce0de7ce-label\" data-calculation=\"0\"  \/><span class=\"forminator-checkbox-box\" aria-hidden=\"true\"><\/span><span class=\"forminator-checkbox-label\">Mantener sesi\u00f3n abierta<\/span><\/label><\/div><\/div><\/div><input type=\"hidden\" name=\"referer_url\" value=\"\" \/><div class=\"forminator-row forminator-row-last\"><div class=\"forminator-col\"><div class=\"forminator-field\"><button class=\"forminator-button forminator-button-submit\">Ingresar<\/button><\/div><\/div><\/div><input type=\"hidden\" id=\"forminator_nonce\" name=\"forminator_nonce\" value=\"92c8b4a91b\" \/><input type=\"hidden\" name=\"_wp_http_referer\" value=\"\/en\/wp-json\/wp\/v2\/pages\/9296\" \/><input type=\"hidden\" name=\"form_id\" value=\"9295\"><input type=\"hidden\" name=\"page_id\" value=\"9296\"><input type=\"hidden\" name=\"form_type\" value=\"login\"><input type=\"hidden\" name=\"current_url\" value=\"https:\/\/aihcahomeopatia.com\/en\/std-login\/\"><input type=\"hidden\" name=\"render_id\" value=\"0\"><input type=\"hidden\" name=\"redirect_to\" value=\"https:\/\/aihcahomeopatia.com\/wp-admin\/\"><input type=\"hidden\" name=\"action\" value=\"forminator_submit_form_custom-forms\"><input type=\"hidden\" name=\"trp-form-language\" value=\"en\"\/><\/form>\t\t\t\t\t\t\t\t<\/div>\n\t\t\t\t<\/div>\n\t\t\t\t\t<\/div>\n\t\t<\/div>\n\t\t\t\t\t<\/div>\n\t\t<\/section>\n\t\t\t\t\t<\/div>\n\t\t<\/div>\n\t\t\t\t\t<\/div>\n\t\t<\/section>\n\t\t\t\t<\/div>","protected":false},"excerpt":{"rendered":"<p>BIENVENIDO A AIHCA \u201cLa \u00fanica y m\u00e1s elevada misi\u00f3n del m\u00e9dico es restaurar la salud del enfermo, aquello que se denomina curar\u201d. &#8211; Samuel Hahnemann. Sum\u00e9rgete en esta experiencia de aprendizaje como ninguna otra. INGRESAR A MI CUENTA<\/p>","protected":false},"author":1,"featured_media":0,"parent":0,"menu_order":0,"comment_status":"closed","ping_status":"closed","template":"elementor_header_footer","meta":{"footnotes":""},"class_list":["post-9296","page","type-page","status-publish","hentry"],"_links":{"self":[{"href":"https:\/\/aihcahomeopatia.com\/en\/wp-json\/wp\/v2\/pages\/9296","targetHints":{"allow":["GET"]}}],"collection":[{"href":"https:\/\/aihcahomeopatia.com\/en\/wp-json\/wp\/v2\/pages"}],"about":[{"href":"https:\/\/aihcahomeopatia.com\/en\/wp-json\/wp\/v2\/types\/page"}],"author":[{"embeddable":true,"href":"https:\/\/aihcahomeopatia.com\/en\/wp-json\/wp\/v2\/users\/1"}],"replies":[{"embeddable":true,"href":"https:\/\/aihcahomeopatia.com\/en\/wp-json\/wp\/v2\/comments?post=9296"}],"version-history":[{"count":114,"href":"https:\/\/aihcahomeopatia.com\/en\/wp-json\/wp\/v2\/pages\/9296\/revisions"}],"predecessor-version":[{"id":11774,"href":"https:\/\/aihcahomeopatia.com\/en\/wp-json\/wp\/v2\/pages\/9296\/revisions\/11774"}],"wp:attachment":[{"href":"https:\/\/aihcahomeopatia.com\/en\/wp-json\/wp\/v2\/media?parent=9296"}],"curies":[{"name":"wp","href":"https:\/\/api.w.org\/{rel}","templated":true}]}}