{"id":12498,"date":"2023-08-06T08:48:08","date_gmt":"2023-08-06T08:48:08","guid":{"rendered":"https:\/\/aihcahomeopatia.com\/product\/modulo-13-espectro-curativo-homeopatico-en-la-enfermedad-cronica-online\/"},"modified":"2024-03-11T22:57:27","modified_gmt":"2024-03-11T22:57:27","slug":"modulo-13-espectro-curativo-homeopatico-en-la-enfermedad-cronica-online","status":"publish","type":"product","link":"https:\/\/aihcahomeopatia.com\/en\/product\/modulo-13-espectro-curativo-homeopatico-en-la-enfermedad-cronica-online\/","title":{"rendered":"M\u00f3dulo 13: Espectro curativo homeop\u00e1tico en la enfermedad cr\u00f3nica"},"content":{"rendered":"","protected":false},"excerpt":{"rendered":"","protected":false},"featured_media":12493,"comment_status":"open","ping_status":"closed","template":"","meta":[],"product_brand":[],"product_cat":[15],"product_tag":[],"class_list":{"0":"post-12498","1":"product","2":"type-product","3":"status-publish","4":"has-post-thumbnail","6":"product_cat-courses","8":"first","9":"instock","10":"virtual","11":"sold-individually","12":"purchasable","13":"product-type-simple"},"_links":{"self":[{"href":"https:\/\/aihcahomeopatia.com\/en\/wp-json\/wp\/v2\/product\/12498","targetHints":{"allow":["GET"]}}],"collection":[{"href":"https:\/\/aihcahomeopatia.com\/en\/wp-json\/wp\/v2\/product"}],"about":[{"href":"https:\/\/aihcahomeopatia.com\/en\/wp-json\/wp\/v2\/types\/product"}],"replies":[{"embeddable":true,"href":"https:\/\/aihcahomeopatia.com\/en\/wp-json\/wp\/v2\/comments?post=12498"}],"version-history":[{"count":1,"href":"https:\/\/aihcahomeopatia.com\/en\/wp-json\/wp\/v2\/product\/12498\/revisions"}],"predecessor-version":[{"id":12684,"href":"https:\/\/aihcahomeopatia.com\/en\/wp-json\/wp\/v2\/product\/12498\/revisions\/12684"}],"wp:featuredmedia":[{"embeddable":true,"href":"https:\/\/aihcahomeopatia.com\/en\/wp-json\/wp\/v2\/media\/12493"}],"wp:attachment":[{"href":"https:\/\/aihcahomeopatia.com\/en\/wp-json\/wp\/v2\/media?parent=12498"}],"wp:term":[{"taxonomy":"product_brand","embeddable":true,"href":"https:\/\/aihcahomeopatia.com\/en\/wp-json\/wp\/v2\/product_brand?post=12498"},{"taxonomy":"product_cat","embeddable":true,"href":"https:\/\/aihcahomeopatia.com\/en\/wp-json\/wp\/v2\/product_cat?post=12498"},{"taxonomy":"product_tag","embeddable":true,"href":"https:\/\/aihcahomeopatia.com\/en\/wp-json\/wp\/v2\/product_tag?post=12498"}],"curies":[{"name":"wp","href":"https:\/\/api.w.org\/{rel}","templated":true}]}}