{"id":12499,"date":"2023-08-06T08:54:38","date_gmt":"2023-08-06T08:54:38","guid":{"rendered":"https:\/\/aihcahomeopatia.com\/product\/modulo-13-espectro-curativo-homeopatico-en-la-enfermedad-cronica-presencial\/"},"modified":"2024-03-21T19:42:15","modified_gmt":"2024-03-21T19:42:15","slug":"modulo-13-espectro-curativo-homeopatico-en-la-enfermedad-cronica-presencial","status":"publish","type":"product","link":"https:\/\/aihcahomeopatia.com\/en\/product\/modulo-13-espectro-curativo-homeopatico-en-la-enfermedad-cronica-presencial\/","title":{"rendered":"M\u00f3dulo 13: Espectro curativo homeop\u00e1tico en la enfermedad cr\u00f3nica (Presencial)"},"content":{"rendered":"","protected":false},"excerpt":{"rendered":"","protected":false},"featured_media":12492,"comment_status":"open","ping_status":"closed","template":"","meta":[],"product_brand":[],"product_cat":[15],"product_tag":[],"class_list":{"0":"post-12499","1":"product","2":"type-product","3":"status-publish","4":"has-post-thumbnail","6":"product_cat-courses","8":"first","9":"instock","10":"sale","11":"virtual","12":"sold-individually","13":"purchasable","14":"product-type-simple"},"_links":{"self":[{"href":"https:\/\/aihcahomeopatia.com\/en\/wp-json\/wp\/v2\/product\/12499","targetHints":{"allow":["GET"]}}],"collection":[{"href":"https:\/\/aihcahomeopatia.com\/en\/wp-json\/wp\/v2\/product"}],"about":[{"href":"https:\/\/aihcahomeopatia.com\/en\/wp-json\/wp\/v2\/types\/product"}],"replies":[{"embeddable":true,"href":"https:\/\/aihcahomeopatia.com\/en\/wp-json\/wp\/v2\/comments?post=12499"}],"version-history":[{"count":0,"href":"https:\/\/aihcahomeopatia.com\/en\/wp-json\/wp\/v2\/product\/12499\/revisions"}],"wp:featuredmedia":[{"embeddable":true,"href":"https:\/\/aihcahomeopatia.com\/en\/wp-json\/wp\/v2\/media\/12492"}],"wp:attachment":[{"href":"https:\/\/aihcahomeopatia.com\/en\/wp-json\/wp\/v2\/media?parent=12499"}],"wp:term":[{"taxonomy":"product_brand","embeddable":true,"href":"https:\/\/aihcahomeopatia.com\/en\/wp-json\/wp\/v2\/product_brand?post=12499"},{"taxonomy":"product_cat","embeddable":true,"href":"https:\/\/aihcahomeopatia.com\/en\/wp-json\/wp\/v2\/product_cat?post=12499"},{"taxonomy":"product_tag","embeddable":true,"href":"https:\/\/aihcahomeopatia.com\/en\/wp-json\/wp\/v2\/product_tag?post=12499"}],"curies":[{"name":"wp","href":"https:\/\/api.w.org\/{rel}","templated":true}]}}