{"id":13048,"date":"2023-11-13T21:33:37","date_gmt":"2023-11-13T21:33:37","guid":{"rendered":"https:\/\/aihcahomeopatia.com\/?post_type=product&#038;p=13048"},"modified":"2025-07-13T08:35:14","modified_gmt":"2025-07-13T08:35:14","slug":"nuevos-remedios-101k-2","status":"publish","type":"product","link":"https:\/\/aihcahomeopatia.com\/en\/product\/nuevos-remedios-101k-2\/","title":{"rendered":"Nuevos Remedios 101k"},"content":{"rendered":"<p><span style=\"font-weight: 400;\">Nuestros remedios homeop\u00e1ticos ofrecen una opci\u00f3n eficaz y segura para ayudar al organismo a restablecer la salud y mejorar la calidad de vida del paciente. Las sustancias que forman la base de nuestros medicamentos se seleccionan cuidadosamente de la naturaleza, y se someten a un control de calidad antes de entrar en el proceso de fabricaci\u00f3n.<\/span><\/p>\n<p><span style=\"font-weight: 400;\">Esta caja incluye 30 remedios, ideal para el home\u00f3pata que busca tratar los padecimientos a trav\u00e9s de una potencia exclusiva capaz de cubrir el amplio espectro de las potencias altas y que se adapta de forma flexible de acuerdo a la condici\u00f3n del paciente.\u00a0<\/span><\/p>\n<p>Se incluyen adem\u00e1s los libros de las patogenesias de Neuro-Reconexi\u00f3n, Kambo y Bufo Alvarius.<\/p>\n<p><span style=\"font-weight: 400;\">Durante los seminarios impartidos por AIHCA, se presentar\u00e1n casos cl\u00ednicos en vivo para que el home\u00f3pata logre identificar los s\u00edntomas distintivos de estos medicamentos y pueda utilizarlos de manera adecuada.\u00a0<\/span><\/p>\n<p><b>Presentaci\u00f3n: <\/b><span style=\"font-weight: 400;\">Diluci\u00f3n en<\/span> <span style=\"font-weight: 400;\">frasco de vidrio color \u00e1mbar 30ml.<\/span><\/p>\n<p><b>Modo de empleo: <\/b><span style=\"font-weight: 400;\">Disolver en la boca o en un poco de agua.\u00a0 Consulte a su home\u00f3pata.\u00a0<\/span><\/p>\n<p><span style=\"font-weight: 400;\">Al ser medicamento homeop\u00e1tico no crea adicci\u00f3n ni se contrapone con otros tratamientos. <\/span><\/p>\n<p>&nbsp;<\/p>\n<table style=\"height: 516px;\" width=\"377\">\n<tbody>\n<tr>\n<td>\n<p style=\"text-align: left;\">1. Anhalonium<\/p>\n<p style=\"text-align: left;\">2. Bromocriptina<\/p>\n<p style=\"text-align: left;\">3. Carbidopa levodopa<\/p>\n<p style=\"text-align: left;\">4. Cielo<\/p>\n<p style=\"text-align: left;\">5. Compulsioninum<\/p>\n<p style=\"text-align: left;\">6. Desmopresina<\/p>\n<p style=\"text-align: left;\">7. DHEA<\/p>\n<p style=\"text-align: left;\">8. Eritropoyetina<\/p>\n<p style=\"text-align: left;\">9. Estr\u00f3genos<\/p>\n<p style=\"text-align: left;\">10. Flor de la vida<\/p>\n<p style=\"text-align: left;\">11. FSH-LH<\/p>\n<p style=\"text-align: left;\">12. Insulina<\/p>\n<p style=\"text-align: left;\">13. Gonadotropina cori\u00f3nica<\/p>\n<p style=\"text-align: left;\">14. Kambo<\/p>\n<p style=\"text-align: left;\">15. Leuprolerina<\/p>\n<\/td>\n<td>\n<p style=\"text-align: left;\">16. Levotiroxina<\/p>\n<p style=\"text-align: left;\">17. Neurocortex<\/p>\n<p style=\"text-align: left;\">18. Neuro-reconexi\u00f3n<\/p>\n<p style=\"text-align: left;\">19. Neuro-Reset<\/p>\n<p style=\"text-align: left;\">20. Oncocyn<\/p>\n<p>21. Oxigeninum<\/p>\n<p>22. Oxitocina<\/p>\n<p>23. Paleocortex<\/p>\n<p>24. Prednisona<\/p>\n<p>25. Progesterona<\/p>\n<p>26. Rap\u00e9<\/p>\n<p>27. Sananga<\/p>\n<p>28. Somatotropina<\/p>\n<p>29. Tabaco<\/p>\n<p>30. Testosterona<\/td>\n<\/tr>\n<\/tbody>\n<\/table>\n<h3>Env\u00edo con:<\/h3>\n<h3><img decoding=\"async\" class=\"wp-image-10874 alignleft\" style=\"color: #333333; font-family: var(--edubin-body-font-family); font-size: 1rem; font-weight: 400;\" src=\"https:\/\/aihcahomeopatia.com\/wp-content\/uploads\/2023\/01\/DHL-Logo.wine_-e1675228065313-300x84.png\" alt=\"\" width=\"257\" height=\"72\" srcset=\"https:\/\/aihcahomeopatia.com\/wp-content\/uploads\/2023\/01\/DHL-Logo.wine_-e1675228065313-300x84.png 300w, https:\/\/aihcahomeopatia.com\/wp-content\/uploads\/2023\/01\/DHL-Logo.wine_-e1675228065313-600x169.png 600w, https:\/\/aihcahomeopatia.com\/wp-content\/uploads\/2023\/01\/DHL-Logo.wine_-e1675228065313-1024x288.png 1024w, https:\/\/aihcahomeopatia.com\/wp-content\/uploads\/2023\/01\/DHL-Logo.wine_-e1675228065313-768x216.png 768w, https:\/\/aihcahomeopatia.com\/wp-content\/uploads\/2023\/01\/DHL-Logo.wine_-e1675228065313-1536x433.png 1536w, https:\/\/aihcahomeopatia.com\/wp-content\/uploads\/2023\/01\/DHL-Logo.wine_-e1675228065313-2048x577.png 2048w, https:\/\/aihcahomeopatia.com\/wp-content\/uploads\/2023\/01\/DHL-Logo.wine_-e1675228065313-18x5.png 18w, https:\/\/aihcahomeopatia.com\/wp-content\/uploads\/2023\/01\/DHL-Logo.wine_-e1675228065313-178x50.png 178w\" sizes=\"(max-width: 257px) 100vw, 257px\" \/><\/h3>","protected":false},"excerpt":{"rendered":"<p><span style=\"font-weight: 400;\">Incluye 20 nuevos remedios indispensables en el arsenal homeop\u00e1tico desarrollados por el Dr. Jorge Carlos Barbosa, tales como Insulina, Neuro-Reconexi\u00f3n, Bufo Alvarius y Kambo. Todos a la potencia 101k.<\/span><\/p>","protected":false},"featured_media":8502,"comment_status":"open","ping_status":"closed","template":"","meta":[],"product_brand":[],"product_cat":[74],"product_tag":[],"class_list":{"0":"post-13048","1":"product","2":"type-product","3":"status-publish","4":"has-post-thumbnail","6":"product_cat-product","8":"first","9":"instock","10":"shipping-taxable","11":"purchasable","12":"product-type-simple"},"_links":{"self":[{"href":"https:\/\/aihcahomeopatia.com\/en\/wp-json\/wp\/v2\/product\/13048","targetHints":{"allow":["GET"]}}],"collection":[{"href":"https:\/\/aihcahomeopatia.com\/en\/wp-json\/wp\/v2\/product"}],"about":[{"href":"https:\/\/aihcahomeopatia.com\/en\/wp-json\/wp\/v2\/types\/product"}],"replies":[{"embeddable":true,"href":"https:\/\/aihcahomeopatia.com\/en\/wp-json\/wp\/v2\/comments?post=13048"}],"version-history":[{"count":1,"href":"https:\/\/aihcahomeopatia.com\/en\/wp-json\/wp\/v2\/product\/13048\/revisions"}],"predecessor-version":[{"id":13058,"href":"https:\/\/aihcahomeopatia.com\/en\/wp-json\/wp\/v2\/product\/13048\/revisions\/13058"}],"wp:featuredmedia":[{"embeddable":true,"href":"https:\/\/aihcahomeopatia.com\/en\/wp-json\/wp\/v2\/media\/8502"}],"wp:attachment":[{"href":"https:\/\/aihcahomeopatia.com\/en\/wp-json\/wp\/v2\/media?parent=13048"}],"wp:term":[{"taxonomy":"product_brand","embeddable":true,"href":"https:\/\/aihcahomeopatia.com\/en\/wp-json\/wp\/v2\/product_brand?post=13048"},{"taxonomy":"product_cat","embeddable":true,"href":"https:\/\/aihcahomeopatia.com\/en\/wp-json\/wp\/v2\/product_cat?post=13048"},{"taxonomy":"product_tag","embeddable":true,"href":"https:\/\/aihcahomeopatia.com\/en\/wp-json\/wp\/v2\/product_tag?post=13048"}],"curies":[{"name":"wp","href":"https:\/\/api.w.org\/{rel}","templated":true}]}}