{"id":14181,"date":"2024-06-13T06:56:28","date_gmt":"2024-06-13T06:56:28","guid":{"rendered":"https:\/\/aihcahomeopatia.com\/product\/modulo-23-ley-de-involucion-confirmacion-de-curacion-presencial\/"},"modified":"2024-06-13T06:56:28","modified_gmt":"2024-06-13T06:56:28","slug":"modulo-23-ley-de-involucion-confirmacion-de-curacion-presencial","status":"publish","type":"product","link":"https:\/\/aihcahomeopatia.com\/en\/product\/modulo-23-ley-de-involucion-confirmacion-de-curacion-presencial\/","title":{"rendered":"M\u00f3dulo 23: Ley de involuci\u00f3n: Confirmaci\u00f3n de curaci\u00f3n (presencial)"},"content":{"rendered":"","protected":false},"excerpt":{"rendered":"","protected":false},"featured_media":14180,"comment_status":"open","ping_status":"closed","template":"","meta":[],"product_brand":[],"product_cat":[15],"product_tag":[],"class_list":{"0":"post-14181","1":"product","2":"type-product","3":"status-publish","4":"has-post-thumbnail","6":"product_cat-courses","8":"first","9":"instock","10":"sale","11":"virtual","12":"sold-individually","13":"purchasable","14":"product-type-simple"},"_links":{"self":[{"href":"https:\/\/aihcahomeopatia.com\/en\/wp-json\/wp\/v2\/product\/14181","targetHints":{"allow":["GET"]}}],"collection":[{"href":"https:\/\/aihcahomeopatia.com\/en\/wp-json\/wp\/v2\/product"}],"about":[{"href":"https:\/\/aihcahomeopatia.com\/en\/wp-json\/wp\/v2\/types\/product"}],"replies":[{"embeddable":true,"href":"https:\/\/aihcahomeopatia.com\/en\/wp-json\/wp\/v2\/comments?post=14181"}],"version-history":[{"count":0,"href":"https:\/\/aihcahomeopatia.com\/en\/wp-json\/wp\/v2\/product\/14181\/revisions"}],"wp:featuredmedia":[{"embeddable":true,"href":"https:\/\/aihcahomeopatia.com\/en\/wp-json\/wp\/v2\/media\/14180"}],"wp:attachment":[{"href":"https:\/\/aihcahomeopatia.com\/en\/wp-json\/wp\/v2\/media?parent=14181"}],"wp:term":[{"taxonomy":"product_brand","embeddable":true,"href":"https:\/\/aihcahomeopatia.com\/en\/wp-json\/wp\/v2\/product_brand?post=14181"},{"taxonomy":"product_cat","embeddable":true,"href":"https:\/\/aihcahomeopatia.com\/en\/wp-json\/wp\/v2\/product_cat?post=14181"},{"taxonomy":"product_tag","embeddable":true,"href":"https:\/\/aihcahomeopatia.com\/en\/wp-json\/wp\/v2\/product_tag?post=14181"}],"curies":[{"name":"wp","href":"https:\/\/api.w.org\/{rel}","templated":true}]}}