{"id":8624,"date":"2022-12-15T12:01:06","date_gmt":"2022-12-15T12:01:06","guid":{"rendered":"https:\/\/aihcahomeopatia.com\/product\/modulo-4-sistema-endocrino-y-hormonas-homeopaticas-online-3-y-4-de-diciembre\/"},"modified":"2025-05-17T13:27:14","modified_gmt":"2025-05-17T13:27:14","slug":"modulo-4-sistema-endocrino-y-hormonas-homeopaticas-online-3-y-4-de-diciembre","status":"publish","type":"product","link":"https:\/\/aihcahomeopatia.com\/en\/product\/modulo-4-sistema-endocrino-y-hormonas-homeopaticas-online-3-y-4-de-diciembre\/","title":{"rendered":"M\u00f3dulo 4: Sistema end\u00f3crino y hormonas homeop\u00e1ticas (Online) 3 y 4 de diciembre"},"content":{"rendered":"","protected":false},"excerpt":{"rendered":"","protected":false},"featured_media":8623,"comment_status":"open","ping_status":"closed","template":"","meta":[],"product_brand":[],"product_cat":[15],"product_tag":[],"class_list":{"0":"post-8624","1":"product","2":"type-product","3":"status-publish","4":"has-post-thumbnail","6":"product_cat-courses","8":"first","9":"instock","10":"virtual","11":"sold-individually","12":"purchasable","13":"product-type-simple"},"_links":{"self":[{"href":"https:\/\/aihcahomeopatia.com\/en\/wp-json\/wp\/v2\/product\/8624","targetHints":{"allow":["GET"]}}],"collection":[{"href":"https:\/\/aihcahomeopatia.com\/en\/wp-json\/wp\/v2\/product"}],"about":[{"href":"https:\/\/aihcahomeopatia.com\/en\/wp-json\/wp\/v2\/types\/product"}],"replies":[{"embeddable":true,"href":"https:\/\/aihcahomeopatia.com\/en\/wp-json\/wp\/v2\/comments?post=8624"}],"version-history":[{"count":0,"href":"https:\/\/aihcahomeopatia.com\/en\/wp-json\/wp\/v2\/product\/8624\/revisions"}],"wp:featuredmedia":[{"embeddable":true,"href":"https:\/\/aihcahomeopatia.com\/en\/wp-json\/wp\/v2\/media\/8623"}],"wp:attachment":[{"href":"https:\/\/aihcahomeopatia.com\/en\/wp-json\/wp\/v2\/media?parent=8624"}],"wp:term":[{"taxonomy":"product_brand","embeddable":true,"href":"https:\/\/aihcahomeopatia.com\/en\/wp-json\/wp\/v2\/product_brand?post=8624"},{"taxonomy":"product_cat","embeddable":true,"href":"https:\/\/aihcahomeopatia.com\/en\/wp-json\/wp\/v2\/product_cat?post=8624"},{"taxonomy":"product_tag","embeddable":true,"href":"https:\/\/aihcahomeopatia.com\/en\/wp-json\/wp\/v2\/product_tag?post=8624"}],"curies":[{"name":"wp","href":"https:\/\/api.w.org\/{rel}","templated":true}]}}